{"id":28208,"date":"2025-04-04T13:23:03","date_gmt":"2025-04-04T13:23:03","guid":{"rendered":"https:\/\/dev.unik-seo.com\/seo\/seo-para-o-sector-farmaceutico\/"},"modified":"2026-03-28T20:36:46","modified_gmt":"2026-03-28T20:36:46","slug":"farma-seo","status":"publish","type":"page","link":"https:\/\/www.unik-seo.com\/pt\/farma-seo","title":{"rendered":"Farma SEO"},"content":{"rendered":"","protected":false},"excerpt":{"rendered":"<p>Procura uma empresa de SEO farmac\u00eautica de confian\u00e7a que compreenda tanto as suas necessidades regulamentares como os seus objectivos digitais? Na UniK SEO, fornecemos servi\u00e7os de SEO para o sector farmac\u00eautico personalizados que funcionam como planos de tratamento &#8211; diagnosticando os problemas do seu site, prescrevendo solu\u00e7\u00f5es estrat\u00e9gicas e monitorizando os resultados como um ensaio cl\u00ednico. <\/p>\n","protected":false},"author":3,"featured_media":28213,"parent":0,"menu_order":0,"comment_status":"closed","ping_status":"closed","template":"","meta":{"_acf_changed":false,"footnotes":""},"categories":[145,148],"tags":[163,162],"service":[],"class_list":["post-28208","page","type-page","status-publish","has-post-thumbnail","hentry","category-servicos-seo","category-seo-por-sector","tag-b2b","tag-e-commerce"],"acf":[],"aioseo_notices":[],"_links":{"self":[{"href":"https:\/\/www.unik-seo.com\/pt\/wp-json\/wp\/v2\/pages\/28208","targetHints":{"allow":["GET"]}}],"collection":[{"href":"https:\/\/www.unik-seo.com\/pt\/wp-json\/wp\/v2\/pages"}],"about":[{"href":"https:\/\/www.unik-seo.com\/pt\/wp-json\/wp\/v2\/types\/page"}],"author":[{"embeddable":true,"href":"https:\/\/www.unik-seo.com\/pt\/wp-json\/wp\/v2\/users\/3"}],"replies":[{"embeddable":true,"href":"https:\/\/www.unik-seo.com\/pt\/wp-json\/wp\/v2\/comments?post=28208"}],"version-history":[{"count":3,"href":"https:\/\/www.unik-seo.com\/pt\/wp-json\/wp\/v2\/pages\/28208\/revisions"}],"predecessor-version":[{"id":32459,"href":"https:\/\/www.unik-seo.com\/pt\/wp-json\/wp\/v2\/pages\/28208\/revisions\/32459"}],"wp:featuredmedia":[{"embeddable":true,"href":"https:\/\/www.unik-seo.com\/pt\/wp-json\/wp\/v2\/media\/28213"}],"wp:attachment":[{"href":"https:\/\/www.unik-seo.com\/pt\/wp-json\/wp\/v2\/media?parent=28208"}],"wp:term":[{"taxonomy":"category","embeddable":true,"href":"https:\/\/www.unik-seo.com\/pt\/wp-json\/wp\/v2\/categories?post=28208"},{"taxonomy":"post_tag","embeddable":true,"href":"https:\/\/www.unik-seo.com\/pt\/wp-json\/wp\/v2\/tags?post=28208"},{"taxonomy":"service","embeddable":true,"href":"https:\/\/www.unik-seo.com\/pt\/wp-json\/wp\/v2\/service?post=28208"}],"curies":[{"name":"wp","href":"https:\/\/api.w.org\/{rel}","templated":true}]}}