{"id":28197,"date":"2025-04-04T13:25:40","date_gmt":"2025-04-04T13:25:40","guid":{"rendered":"https:\/\/dev.unik-seo.com\/seo\/seo-para-pmes\/"},"modified":"2025-09-29T16:10:17","modified_gmt":"2025-09-29T16:10:17","slug":"seo-para-pme","status":"publish","type":"page","link":"https:\/\/www.unik-seo.com\/pt\/seo-para-pme","title":{"rendered":"SEO para PME"},"content":{"rendered":"","protected":false},"excerpt":{"rendered":"<p>Num mercado em que cada lead conta e cada clique tem peso, a SEO para PMEs n\u00e3o \u00e9 uma reflex\u00e3o posterior opcional &#8211; \u00e9 um motor de crescimento do neg\u00f3cio. Na UniK SEO, o foco n\u00e3o est\u00e1 em m\u00e9tricas de vaidade ou promessas vazias. O objetivo \u00e9 claro: posicionar as pequenas e m\u00e9dias empresas exatamente onde os clientes procuram &#8211; no topo dos resultados dos motores de busca.  <\/p>\n","protected":false},"author":3,"featured_media":28202,"parent":0,"menu_order":0,"comment_status":"closed","ping_status":"closed","template":"","meta":{"_acf_changed":false,"footnotes":""},"categories":[145,148],"tags":[163],"service":[],"class_list":["post-28197","page","type-page","status-publish","has-post-thumbnail","hentry","category-servicos-seo","category-seo-por-sector","tag-b2b"],"acf":[],"aioseo_notices":[],"_links":{"self":[{"href":"https:\/\/www.unik-seo.com\/pt\/wp-json\/wp\/v2\/pages\/28197","targetHints":{"allow":["GET"]}}],"collection":[{"href":"https:\/\/www.unik-seo.com\/pt\/wp-json\/wp\/v2\/pages"}],"about":[{"href":"https:\/\/www.unik-seo.com\/pt\/wp-json\/wp\/v2\/types\/page"}],"author":[{"embeddable":true,"href":"https:\/\/www.unik-seo.com\/pt\/wp-json\/wp\/v2\/users\/3"}],"replies":[{"embeddable":true,"href":"https:\/\/www.unik-seo.com\/pt\/wp-json\/wp\/v2\/comments?post=28197"}],"version-history":[{"count":2,"href":"https:\/\/www.unik-seo.com\/pt\/wp-json\/wp\/v2\/pages\/28197\/revisions"}],"predecessor-version":[{"id":30537,"href":"https:\/\/www.unik-seo.com\/pt\/wp-json\/wp\/v2\/pages\/28197\/revisions\/30537"}],"wp:featuredmedia":[{"embeddable":true,"href":"https:\/\/www.unik-seo.com\/pt\/wp-json\/wp\/v2\/media\/28202"}],"wp:attachment":[{"href":"https:\/\/www.unik-seo.com\/pt\/wp-json\/wp\/v2\/media?parent=28197"}],"wp:term":[{"taxonomy":"category","embeddable":true,"href":"https:\/\/www.unik-seo.com\/pt\/wp-json\/wp\/v2\/categories?post=28197"},{"taxonomy":"post_tag","embeddable":true,"href":"https:\/\/www.unik-seo.com\/pt\/wp-json\/wp\/v2\/tags?post=28197"},{"taxonomy":"service","embeddable":true,"href":"https:\/\/www.unik-seo.com\/pt\/wp-json\/wp\/v2\/service?post=28197"}],"curies":[{"name":"wp","href":"https:\/\/api.w.org\/{rel}","templated":true}]}}