{"id":28190,"date":"2025-04-04T13:21:04","date_gmt":"2025-04-04T13:21:04","guid":{"rendered":"https:\/\/dev.unik-seo.com\/seo\/seo-para-a-industria-transformadora\/"},"modified":"2025-10-08T15:30:31","modified_gmt":"2025-10-08T15:30:31","slug":"seo-manufacturing","status":"publish","type":"page","link":"https:\/\/www.unik-seo.com\/pt\/seo-manufacturing","title":{"rendered":"SEO Manufacturing"},"content":{"rendered":"","protected":false},"excerpt":{"rendered":"<p>Quando passas anos &#8211; talvez d\u00e9cadas &#8211; a gerir linhas de produ\u00e7\u00e3o, a afinar cadeias de fornecimento e a atingir toler\u00e2ncias apertadas, compreendes o valor da precis\u00e3o. Na UniK SEO, aplicamos essa mesma mentalidade de fabrico ao marketing digital. O nosso SEO de fabrico \u00e9 concebido para desempenho, testado para durabilidade e constru\u00eddo para proporcionar resultados a longo prazo.  <\/p>\n","protected":false},"author":3,"featured_media":28195,"parent":0,"menu_order":0,"comment_status":"closed","ping_status":"closed","template":"","meta":{"_acf_changed":false,"footnotes":""},"categories":[145,148],"tags":[124],"service":[],"class_list":["post-28190","page","type-page","status-publish","has-post-thumbnail","hentry","category-servicos-seo","category-seo-por-sector","tag-b2b"],"acf":[],"aioseo_notices":[],"_links":{"self":[{"href":"https:\/\/www.unik-seo.com\/pt\/wp-json\/wp\/v2\/pages\/28190","targetHints":{"allow":["GET"]}}],"collection":[{"href":"https:\/\/www.unik-seo.com\/pt\/wp-json\/wp\/v2\/pages"}],"about":[{"href":"https:\/\/www.unik-seo.com\/pt\/wp-json\/wp\/v2\/types\/page"}],"author":[{"embeddable":true,"href":"https:\/\/www.unik-seo.com\/pt\/wp-json\/wp\/v2\/users\/3"}],"replies":[{"embeddable":true,"href":"https:\/\/www.unik-seo.com\/pt\/wp-json\/wp\/v2\/comments?post=28190"}],"version-history":[{"count":2,"href":"https:\/\/www.unik-seo.com\/pt\/wp-json\/wp\/v2\/pages\/28190\/revisions"}],"predecessor-version":[{"id":30777,"href":"https:\/\/www.unik-seo.com\/pt\/wp-json\/wp\/v2\/pages\/28190\/revisions\/30777"}],"wp:featuredmedia":[{"embeddable":true,"href":"https:\/\/www.unik-seo.com\/pt\/wp-json\/wp\/v2\/media\/28195"}],"wp:attachment":[{"href":"https:\/\/www.unik-seo.com\/pt\/wp-json\/wp\/v2\/media?parent=28190"}],"wp:term":[{"taxonomy":"category","embeddable":true,"href":"https:\/\/www.unik-seo.com\/pt\/wp-json\/wp\/v2\/categories?post=28190"},{"taxonomy":"post_tag","embeddable":true,"href":"https:\/\/www.unik-seo.com\/pt\/wp-json\/wp\/v2\/tags?post=28190"},{"taxonomy":"service","embeddable":true,"href":"https:\/\/www.unik-seo.com\/pt\/wp-json\/wp\/v2\/service?post=28190"}],"curies":[{"name":"wp","href":"https:\/\/api.w.org\/{rel}","templated":true}]}}