{"id":28179,"date":"2025-04-04T13:24:20","date_gmt":"2025-04-04T13:24:20","guid":{"rendered":"https:\/\/dev.unik-seo.com\/seo\/banco-seo\/"},"modified":"2026-03-28T20:43:02","modified_gmt":"2026-03-28T20:43:02","slug":"seo-para-bancos","status":"publish","type":"page","link":"https:\/\/www.unik-seo.com\/pt\/seo-para-bancos","title":{"rendered":"SEO para Bancos"},"content":{"rendered":"","protected":false},"excerpt":{"rendered":"<p>Aumenta a visibilidade online do teu banco com estrat\u00e9gias de SEO orientadas por especialistas. A UniK SEO oferece SEO personalizado para bancos e institui\u00e7\u00f5es financeiras, ajudando-te a alcan\u00e7ar melhores posi\u00e7\u00f5es, ganhar confian\u00e7a e atrair leads qualificados. <\/p>\n","protected":false},"author":3,"featured_media":28184,"parent":0,"menu_order":0,"comment_status":"closed","ping_status":"closed","template":"","meta":{"_acf_changed":false,"footnotes":""},"categories":[145,148],"tags":[166,274],"service":[],"class_list":["post-28179","page","type-page","status-publish","has-post-thumbnail","hentry","category-servicos-seo","category-seo-por-sector","tag-crypto","tag-finance"],"acf":[],"aioseo_notices":[],"_links":{"self":[{"href":"https:\/\/www.unik-seo.com\/pt\/wp-json\/wp\/v2\/pages\/28179","targetHints":{"allow":["GET"]}}],"collection":[{"href":"https:\/\/www.unik-seo.com\/pt\/wp-json\/wp\/v2\/pages"}],"about":[{"href":"https:\/\/www.unik-seo.com\/pt\/wp-json\/wp\/v2\/types\/page"}],"author":[{"embeddable":true,"href":"https:\/\/www.unik-seo.com\/pt\/wp-json\/wp\/v2\/users\/3"}],"replies":[{"embeddable":true,"href":"https:\/\/www.unik-seo.com\/pt\/wp-json\/wp\/v2\/comments?post=28179"}],"version-history":[{"count":5,"href":"https:\/\/www.unik-seo.com\/pt\/wp-json\/wp\/v2\/pages\/28179\/revisions"}],"predecessor-version":[{"id":32460,"href":"https:\/\/www.unik-seo.com\/pt\/wp-json\/wp\/v2\/pages\/28179\/revisions\/32460"}],"wp:featuredmedia":[{"embeddable":true,"href":"https:\/\/www.unik-seo.com\/pt\/wp-json\/wp\/v2\/media\/28184"}],"wp:attachment":[{"href":"https:\/\/www.unik-seo.com\/pt\/wp-json\/wp\/v2\/media?parent=28179"}],"wp:term":[{"taxonomy":"category","embeddable":true,"href":"https:\/\/www.unik-seo.com\/pt\/wp-json\/wp\/v2\/categories?post=28179"},{"taxonomy":"post_tag","embeddable":true,"href":"https:\/\/www.unik-seo.com\/pt\/wp-json\/wp\/v2\/tags?post=28179"},{"taxonomy":"service","embeddable":true,"href":"https:\/\/www.unik-seo.com\/pt\/wp-json\/wp\/v2\/service?post=28179"}],"curies":[{"name":"wp","href":"https:\/\/api.w.org\/{rel}","templated":true}]}}