{"id":28170,"date":"2025-04-04T13:19:48","date_gmt":"2025-04-04T13:19:48","guid":{"rendered":"https:\/\/dev.unik-seo.com\/seo\/servicos-de-seo-para-comercio-eletronico\/"},"modified":"2026-04-01T23:18:19","modified_gmt":"2026-04-01T23:18:19","slug":"seo-ecommerce","status":"publish","type":"page","link":"https:\/\/www.unik-seo.com\/pt\/seo-ecommerce","title":{"rendered":"SEO para E-Commerce"},"content":{"rendered":"","protected":false},"excerpt":{"rendered":"<p>Aumenta a visibilidade e as vendas da tua loja com servi\u00e7os especializados de SEO para e-commerce. A UniK SEO ajuda-te a alcan\u00e7ar melhores posi\u00e7\u00f5es, atrair compradores e crescer organicamente com estrat\u00e9gias de SEO personalizadas. <\/p>\n","protected":false},"author":3,"featured_media":28176,"parent":0,"menu_order":0,"comment_status":"closed","ping_status":"closed","template":"","meta":{"_acf_changed":false,"footnotes":""},"categories":[145,148],"tags":[162],"service":[],"class_list":["post-28170","page","type-page","status-publish","has-post-thumbnail","hentry","category-servicos-seo","category-seo-por-sector","tag-e-commerce"],"acf":[],"aioseo_notices":[],"_links":{"self":[{"href":"https:\/\/www.unik-seo.com\/pt\/wp-json\/wp\/v2\/pages\/28170","targetHints":{"allow":["GET"]}}],"collection":[{"href":"https:\/\/www.unik-seo.com\/pt\/wp-json\/wp\/v2\/pages"}],"about":[{"href":"https:\/\/www.unik-seo.com\/pt\/wp-json\/wp\/v2\/types\/page"}],"author":[{"embeddable":true,"href":"https:\/\/www.unik-seo.com\/pt\/wp-json\/wp\/v2\/users\/3"}],"replies":[{"embeddable":true,"href":"https:\/\/www.unik-seo.com\/pt\/wp-json\/wp\/v2\/comments?post=28170"}],"version-history":[{"count":5,"href":"https:\/\/www.unik-seo.com\/pt\/wp-json\/wp\/v2\/pages\/28170\/revisions"}],"predecessor-version":[{"id":32358,"href":"https:\/\/www.unik-seo.com\/pt\/wp-json\/wp\/v2\/pages\/28170\/revisions\/32358"}],"wp:featuredmedia":[{"embeddable":true,"href":"https:\/\/www.unik-seo.com\/pt\/wp-json\/wp\/v2\/media\/28176"}],"wp:attachment":[{"href":"https:\/\/www.unik-seo.com\/pt\/wp-json\/wp\/v2\/media?parent=28170"}],"wp:term":[{"taxonomy":"category","embeddable":true,"href":"https:\/\/www.unik-seo.com\/pt\/wp-json\/wp\/v2\/categories?post=28170"},{"taxonomy":"post_tag","embeddable":true,"href":"https:\/\/www.unik-seo.com\/pt\/wp-json\/wp\/v2\/tags?post=28170"},{"taxonomy":"service","embeddable":true,"href":"https:\/\/www.unik-seo.com\/pt\/wp-json\/wp\/v2\/service?post=28170"}],"curies":[{"name":"wp","href":"https:\/\/api.w.org\/{rel}","templated":true}]}}