{"id":28162,"date":"2025-04-04T12:57:59","date_gmt":"2025-04-04T12:57:59","guid":{"rendered":"https:\/\/dev.unik-seo.com\/seo\/seo-para-o-sector-imobiliario\/"},"modified":"2026-03-28T20:57:26","modified_gmt":"2026-03-28T20:57:26","slug":"seo-imobiliario","status":"publish","type":"page","link":"https:\/\/www.unik-seo.com\/pt\/seo-imobiliario","title":{"rendered":"SEO para o sector imobili\u00e1rio"},"content":{"rendered":"","protected":false},"excerpt":{"rendered":"<p>A UniK SEO sabe que ser encontrado online n\u00e3o \u00e9 um luxo &#8211; \u00e9 o novo atrativo. Quer esteja a vender penthouses em Lisboa, a gerir propriedades de investimento em Berlim ou a gerir uma ag\u00eancia imobili\u00e1ria em Nova Iorque, os nossos servi\u00e7os de SEO para o sector imobili\u00e1rio colocam os seus an\u00fancios, marca e experi\u00eancia onde os seus clientes procuram: no topo dos resultados de pesquisa. <\/p>\n","protected":false},"author":3,"featured_media":28168,"parent":0,"menu_order":0,"comment_status":"closed","ping_status":"closed","template":"","meta":{"_acf_changed":false,"footnotes":""},"categories":[145,148],"tags":[163],"service":[],"class_list":["post-28162","page","type-page","status-publish","has-post-thumbnail","hentry","category-servicos-seo","category-seo-por-sector","tag-b2b"],"acf":[],"aioseo_notices":[],"_links":{"self":[{"href":"https:\/\/www.unik-seo.com\/pt\/wp-json\/wp\/v2\/pages\/28162","targetHints":{"allow":["GET"]}}],"collection":[{"href":"https:\/\/www.unik-seo.com\/pt\/wp-json\/wp\/v2\/pages"}],"about":[{"href":"https:\/\/www.unik-seo.com\/pt\/wp-json\/wp\/v2\/types\/page"}],"author":[{"embeddable":true,"href":"https:\/\/www.unik-seo.com\/pt\/wp-json\/wp\/v2\/users\/3"}],"replies":[{"embeddable":true,"href":"https:\/\/www.unik-seo.com\/pt\/wp-json\/wp\/v2\/comments?post=28162"}],"version-history":[{"count":3,"href":"https:\/\/www.unik-seo.com\/pt\/wp-json\/wp\/v2\/pages\/28162\/revisions"}],"predecessor-version":[{"id":32461,"href":"https:\/\/www.unik-seo.com\/pt\/wp-json\/wp\/v2\/pages\/28162\/revisions\/32461"}],"wp:featuredmedia":[{"embeddable":true,"href":"https:\/\/www.unik-seo.com\/pt\/wp-json\/wp\/v2\/media\/28168"}],"wp:attachment":[{"href":"https:\/\/www.unik-seo.com\/pt\/wp-json\/wp\/v2\/media?parent=28162"}],"wp:term":[{"taxonomy":"category","embeddable":true,"href":"https:\/\/www.unik-seo.com\/pt\/wp-json\/wp\/v2\/categories?post=28162"},{"taxonomy":"post_tag","embeddable":true,"href":"https:\/\/www.unik-seo.com\/pt\/wp-json\/wp\/v2\/tags?post=28162"},{"taxonomy":"service","embeddable":true,"href":"https:\/\/www.unik-seo.com\/pt\/wp-json\/wp\/v2\/service?post=28162"}],"curies":[{"name":"wp","href":"https:\/\/api.w.org\/{rel}","templated":true}]}}