{"id":28153,"date":"2025-04-04T13:01:27","date_gmt":"2025-04-04T13:01:27","guid":{"rendered":"https:\/\/dev.unik-seo.com\/seo\/servicos-de-seo-para-dentistas\/"},"modified":"2026-03-26T13:09:30","modified_gmt":"2026-03-26T13:09:30","slug":"seo-dentistas","status":"publish","type":"page","link":"https:\/\/www.unik-seo.com\/pt\/seo-dentistas","title":{"rendered":"SEO para Dentistas"},"content":{"rendered":"","protected":false},"excerpt":{"rendered":"<p>A UniK SEO oferece servi\u00e7os de SEO para dentistas precisos e ajustados aos objectivos da tua cl\u00ednica. De SEO para sites de cl\u00ednicas dent\u00e1rias a auditorias completas e optimiza\u00e7\u00e3o local, tratamos a tua presen\u00e7a online como o teu activo cl\u00ednico mais valioso. Marca hoje uma consulta gratuita com os nossos especialistas em SEO para dentistas e descobre a estrat\u00e9gia por detr\u00e1s de um crescimento cont\u00ednuo de pacientes.  <\/p>\n","protected":false},"author":3,"featured_media":28158,"parent":0,"menu_order":0,"comment_status":"closed","ping_status":"closed","template":"","meta":{"_acf_changed":false,"footnotes":""},"categories":[145,148],"tags":[163],"service":[],"class_list":["post-28153","page","type-page","status-publish","has-post-thumbnail","hentry","category-servicos-seo","category-seo-por-sector","tag-b2b"],"acf":[],"aioseo_notices":[],"_links":{"self":[{"href":"https:\/\/www.unik-seo.com\/pt\/wp-json\/wp\/v2\/pages\/28153","targetHints":{"allow":["GET"]}}],"collection":[{"href":"https:\/\/www.unik-seo.com\/pt\/wp-json\/wp\/v2\/pages"}],"about":[{"href":"https:\/\/www.unik-seo.com\/pt\/wp-json\/wp\/v2\/types\/page"}],"author":[{"embeddable":true,"href":"https:\/\/www.unik-seo.com\/pt\/wp-json\/wp\/v2\/users\/3"}],"replies":[{"embeddable":true,"href":"https:\/\/www.unik-seo.com\/pt\/wp-json\/wp\/v2\/comments?post=28153"}],"version-history":[{"count":5,"href":"https:\/\/www.unik-seo.com\/pt\/wp-json\/wp\/v2\/pages\/28153\/revisions"}],"predecessor-version":[{"id":32273,"href":"https:\/\/www.unik-seo.com\/pt\/wp-json\/wp\/v2\/pages\/28153\/revisions\/32273"}],"wp:featuredmedia":[{"embeddable":true,"href":"https:\/\/www.unik-seo.com\/pt\/wp-json\/wp\/v2\/media\/28158"}],"wp:attachment":[{"href":"https:\/\/www.unik-seo.com\/pt\/wp-json\/wp\/v2\/media?parent=28153"}],"wp:term":[{"taxonomy":"category","embeddable":true,"href":"https:\/\/www.unik-seo.com\/pt\/wp-json\/wp\/v2\/categories?post=28153"},{"taxonomy":"post_tag","embeddable":true,"href":"https:\/\/www.unik-seo.com\/pt\/wp-json\/wp\/v2\/tags?post=28153"},{"taxonomy":"service","embeddable":true,"href":"https:\/\/www.unik-seo.com\/pt\/wp-json\/wp\/v2\/service?post=28153"}],"curies":[{"name":"wp","href":"https:\/\/api.w.org\/{rel}","templated":true}]}}