{"id":28127,"date":"2025-04-02T00:57:17","date_gmt":"2025-04-02T00:57:17","guid":{"rendered":"https:\/\/dev.unik-seo.com\/seo\/seo-para-restaurantes\/"},"modified":"2025-10-08T15:31:13","modified_gmt":"2025-10-08T15:31:13","slug":"seo-para-restaurantes","status":"publish","type":"page","link":"https:\/\/www.unik-seo.com\/pt\/seo-para-restaurantes","title":{"rendered":"SEO para Restaurantes"},"content":{"rendered":"","protected":false},"excerpt":{"rendered":"<p>Desde bistr\u00f4s acolhedores a restaurantes de marisco de luxo e bares de cocktails vibrantes, os nossos servi\u00e7os de SEO para restaurantes ajudam o seu local a destacar-se onde \u00e9 mais importante: no Google.<\/p>\n","protected":false},"author":3,"featured_media":28135,"parent":0,"menu_order":0,"comment_status":"closed","ping_status":"closed","template":"","meta":{"_acf_changed":false,"footnotes":""},"categories":[145,148],"tags":[174],"service":[],"class_list":["post-28127","page","type-page","status-publish","has-post-thumbnail","hentry","category-servicos-seo","category-seo-por-sector","tag-local"],"acf":[],"aioseo_notices":[],"_links":{"self":[{"href":"https:\/\/www.unik-seo.com\/pt\/wp-json\/wp\/v2\/pages\/28127","targetHints":{"allow":["GET"]}}],"collection":[{"href":"https:\/\/www.unik-seo.com\/pt\/wp-json\/wp\/v2\/pages"}],"about":[{"href":"https:\/\/www.unik-seo.com\/pt\/wp-json\/wp\/v2\/types\/page"}],"author":[{"embeddable":true,"href":"https:\/\/www.unik-seo.com\/pt\/wp-json\/wp\/v2\/users\/3"}],"replies":[{"embeddable":true,"href":"https:\/\/www.unik-seo.com\/pt\/wp-json\/wp\/v2\/comments?post=28127"}],"version-history":[{"count":2,"href":"https:\/\/www.unik-seo.com\/pt\/wp-json\/wp\/v2\/pages\/28127\/revisions"}],"predecessor-version":[{"id":30779,"href":"https:\/\/www.unik-seo.com\/pt\/wp-json\/wp\/v2\/pages\/28127\/revisions\/30779"}],"wp:featuredmedia":[{"embeddable":true,"href":"https:\/\/www.unik-seo.com\/pt\/wp-json\/wp\/v2\/media\/28135"}],"wp:attachment":[{"href":"https:\/\/www.unik-seo.com\/pt\/wp-json\/wp\/v2\/media?parent=28127"}],"wp:term":[{"taxonomy":"category","embeddable":true,"href":"https:\/\/www.unik-seo.com\/pt\/wp-json\/wp\/v2\/categories?post=28127"},{"taxonomy":"post_tag","embeddable":true,"href":"https:\/\/www.unik-seo.com\/pt\/wp-json\/wp\/v2\/tags?post=28127"},{"taxonomy":"service","embeddable":true,"href":"https:\/\/www.unik-seo.com\/pt\/wp-json\/wp\/v2\/service?post=28127"}],"curies":[{"name":"wp","href":"https:\/\/api.w.org\/{rel}","templated":true}]}}