{"id":28114,"date":"2025-04-02T00:54:51","date_gmt":"2025-04-02T00:54:51","guid":{"rendered":"https:\/\/dev.unik-seo.com\/seo\/seo-do-casino\/"},"modified":"2026-03-28T20:29:59","modified_gmt":"2026-03-28T20:29:59","slug":"casino-seo","status":"publish","type":"page","link":"https:\/\/www.unik-seo.com\/pt\/casino-seo","title":{"rendered":"SEO para Casinos"},"content":{"rendered":"","protected":false},"excerpt":{"rendered":"<p>Este n\u00e3o \u00e9 o teu primeiro jogo, nem o nosso. Na UniK SEO, j\u00e1 andamos nisto h\u00e1 tempo suficiente para sabermos como as cartas s\u00e3o distribu\u00eddas. A casa ganha sempre\u2026 a n\u00e3o ser que tenhas uma m\u00e3o mais inteligente.  <\/p>\n","protected":false},"author":3,"featured_media":28121,"parent":0,"menu_order":0,"comment_status":"closed","ping_status":"closed","template":"","meta":{"_acf_changed":false,"footnotes":""},"categories":[145,148],"tags":[166],"service":[],"class_list":["post-28114","page","type-page","status-publish","has-post-thumbnail","hentry","category-servicos-seo","category-seo-por-sector","tag-crypto"],"acf":[],"aioseo_notices":[],"_links":{"self":[{"href":"https:\/\/www.unik-seo.com\/pt\/wp-json\/wp\/v2\/pages\/28114","targetHints":{"allow":["GET"]}}],"collection":[{"href":"https:\/\/www.unik-seo.com\/pt\/wp-json\/wp\/v2\/pages"}],"about":[{"href":"https:\/\/www.unik-seo.com\/pt\/wp-json\/wp\/v2\/types\/page"}],"author":[{"embeddable":true,"href":"https:\/\/www.unik-seo.com\/pt\/wp-json\/wp\/v2\/users\/3"}],"replies":[{"embeddable":true,"href":"https:\/\/www.unik-seo.com\/pt\/wp-json\/wp\/v2\/comments?post=28114"}],"version-history":[{"count":3,"href":"https:\/\/www.unik-seo.com\/pt\/wp-json\/wp\/v2\/pages\/28114\/revisions"}],"predecessor-version":[{"id":32231,"href":"https:\/\/www.unik-seo.com\/pt\/wp-json\/wp\/v2\/pages\/28114\/revisions\/32231"}],"wp:featuredmedia":[{"embeddable":true,"href":"https:\/\/www.unik-seo.com\/pt\/wp-json\/wp\/v2\/media\/28121"}],"wp:attachment":[{"href":"https:\/\/www.unik-seo.com\/pt\/wp-json\/wp\/v2\/media?parent=28114"}],"wp:term":[{"taxonomy":"category","embeddable":true,"href":"https:\/\/www.unik-seo.com\/pt\/wp-json\/wp\/v2\/categories?post=28114"},{"taxonomy":"post_tag","embeddable":true,"href":"https:\/\/www.unik-seo.com\/pt\/wp-json\/wp\/v2\/tags?post=28114"},{"taxonomy":"service","embeddable":true,"href":"https:\/\/www.unik-seo.com\/pt\/wp-json\/wp\/v2\/service?post=28114"}],"curies":[{"name":"wp","href":"https:\/\/api.w.org\/{rel}","templated":true}]}}