{"id":28101,"date":"2025-04-02T00:49:25","date_gmt":"2025-04-02T00:49:25","guid":{"rendered":"https:\/\/dev.unik-seo.com\/seo\/seo-para-criptografia\/"},"modified":"2026-03-28T20:33:07","modified_gmt":"2026-03-28T20:33:07","slug":"criptomoedas-seo","status":"publish","type":"page","link":"https:\/\/www.unik-seo.com\/pt\/criptomoedas-seo","title":{"rendered":"Criptomoedas SEO"},"content":{"rendered":"","protected":false},"excerpt":{"rendered":"<p>N\u00e3o somos uma ag\u00eancia Web2 de &#8220;boomers&#8221; a tentar aproveitar a onda do blockchain. N\u00f3s vivemos este espa\u00e7o. Enquanto ag\u00eancia de SEO para cripto com provas dadas, a UniK SEO ajuda projectos Web3, exchanges, mercados de NFTs, protocolos DeFi e start-ups de blockchain a dominarem os resultados dos motores de pesquisa.  <\/p>\n","protected":false},"author":3,"featured_media":28108,"parent":0,"menu_order":0,"comment_status":"closed","ping_status":"closed","template":"","meta":{"_acf_changed":false,"footnotes":""},"categories":[145,148],"tags":[166],"service":[],"class_list":["post-28101","page","type-page","status-publish","has-post-thumbnail","hentry","category-servicos-seo","category-seo-por-sector","tag-crypto"],"acf":[],"aioseo_notices":[],"_links":{"self":[{"href":"https:\/\/www.unik-seo.com\/pt\/wp-json\/wp\/v2\/pages\/28101","targetHints":{"allow":["GET"]}}],"collection":[{"href":"https:\/\/www.unik-seo.com\/pt\/wp-json\/wp\/v2\/pages"}],"about":[{"href":"https:\/\/www.unik-seo.com\/pt\/wp-json\/wp\/v2\/types\/page"}],"author":[{"embeddable":true,"href":"https:\/\/www.unik-seo.com\/pt\/wp-json\/wp\/v2\/users\/3"}],"replies":[{"embeddable":true,"href":"https:\/\/www.unik-seo.com\/pt\/wp-json\/wp\/v2\/comments?post=28101"}],"version-history":[{"count":4,"href":"https:\/\/www.unik-seo.com\/pt\/wp-json\/wp\/v2\/pages\/28101\/revisions"}],"predecessor-version":[{"id":32458,"href":"https:\/\/www.unik-seo.com\/pt\/wp-json\/wp\/v2\/pages\/28101\/revisions\/32458"}],"wp:featuredmedia":[{"embeddable":true,"href":"https:\/\/www.unik-seo.com\/pt\/wp-json\/wp\/v2\/media\/28108"}],"wp:attachment":[{"href":"https:\/\/www.unik-seo.com\/pt\/wp-json\/wp\/v2\/media?parent=28101"}],"wp:term":[{"taxonomy":"category","embeddable":true,"href":"https:\/\/www.unik-seo.com\/pt\/wp-json\/wp\/v2\/categories?post=28101"},{"taxonomy":"post_tag","embeddable":true,"href":"https:\/\/www.unik-seo.com\/pt\/wp-json\/wp\/v2\/tags?post=28101"},{"taxonomy":"service","embeddable":true,"href":"https:\/\/www.unik-seo.com\/pt\/wp-json\/wp\/v2\/service?post=28101"}],"curies":[{"name":"wp","href":"https:\/\/api.w.org\/{rel}","templated":true}]}}