{"id":28094,"date":"2025-04-02T00:53:32","date_gmt":"2025-04-02T00:53:32","guid":{"rendered":"https:\/\/dev.unik-seo.com\/seo\/seo-para-adultos\/"},"modified":"2026-03-27T14:57:15","modified_gmt":"2026-03-27T14:57:15","slug":"seo-adulto","status":"publish","type":"page","link":"https:\/\/www.unik-seo.com\/pt\/seo-adulto","title":{"rendered":"SEO Adulto"},"content":{"rendered":"","protected":false},"excerpt":{"rendered":"<p>Queres transformar o teu site para adultos numa m\u00e1quina sedenta de tr\u00e1fego? Na UniK SEO, n\u00e3o temos vergonha de mergulhar profundamente no mundo do SEO para adultos. N\u00e3o estamos aqui para provocar. Estamos aqui para dominar.   <\/p>\n","protected":false},"author":3,"featured_media":28099,"parent":0,"menu_order":0,"comment_status":"closed","ping_status":"closed","template":"","meta":{"_acf_changed":false,"footnotes":""},"categories":[145,148],"tags":[150],"service":[],"class_list":["post-28094","page","type-page","status-publish","has-post-thumbnail","hentry","category-servicos-seo","category-seo-por-sector","tag-adult"],"acf":[],"aioseo_notices":[],"_links":{"self":[{"href":"https:\/\/www.unik-seo.com\/pt\/wp-json\/wp\/v2\/pages\/28094","targetHints":{"allow":["GET"]}}],"collection":[{"href":"https:\/\/www.unik-seo.com\/pt\/wp-json\/wp\/v2\/pages"}],"about":[{"href":"https:\/\/www.unik-seo.com\/pt\/wp-json\/wp\/v2\/types\/page"}],"author":[{"embeddable":true,"href":"https:\/\/www.unik-seo.com\/pt\/wp-json\/wp\/v2\/users\/3"}],"replies":[{"embeddable":true,"href":"https:\/\/www.unik-seo.com\/pt\/wp-json\/wp\/v2\/comments?post=28094"}],"version-history":[{"count":3,"href":"https:\/\/www.unik-seo.com\/pt\/wp-json\/wp\/v2\/pages\/28094\/revisions"}],"predecessor-version":[{"id":32136,"href":"https:\/\/www.unik-seo.com\/pt\/wp-json\/wp\/v2\/pages\/28094\/revisions\/32136"}],"wp:featuredmedia":[{"embeddable":true,"href":"https:\/\/www.unik-seo.com\/pt\/wp-json\/wp\/v2\/media\/28099"}],"wp:attachment":[{"href":"https:\/\/www.unik-seo.com\/pt\/wp-json\/wp\/v2\/media?parent=28094"}],"wp:term":[{"taxonomy":"category","embeddable":true,"href":"https:\/\/www.unik-seo.com\/pt\/wp-json\/wp\/v2\/categories?post=28094"},{"taxonomy":"post_tag","embeddable":true,"href":"https:\/\/www.unik-seo.com\/pt\/wp-json\/wp\/v2\/tags?post=28094"},{"taxonomy":"service","embeddable":true,"href":"https:\/\/www.unik-seo.com\/pt\/wp-json\/wp\/v2\/service?post=28094"}],"curies":[{"name":"wp","href":"https:\/\/api.w.org\/{rel}","templated":true}]}}