{"id":28068,"date":"2025-04-02T00:50:52","date_gmt":"2025-04-02T00:50:52","guid":{"rendered":"https:\/\/dev.unik-seo.com\/seo\/seo-para-marijuana\/"},"modified":"2025-09-29T14:52:05","modified_gmt":"2025-09-29T14:52:05","slug":"canabis-seo","status":"publish","type":"page","link":"https:\/\/www.unik-seo.com\/pt\/canabis-seo","title":{"rendered":"Can\u00e1bis SEO"},"content":{"rendered":"","protected":false},"excerpt":{"rendered":"<p>Se est\u00e1s no neg\u00f3cio da can\u00e1bis, j\u00e1 sabes como \u00e9 dif\u00edcil comercializar os teus produtos online. \u00c9 a\u00ed que entra a UniK SEO. <\/p>\n","protected":false},"author":3,"featured_media":28079,"parent":0,"menu_order":0,"comment_status":"closed","ping_status":"closed","template":"","meta":{"_acf_changed":false,"footnotes":""},"categories":[145,148],"tags":[168],"service":[],"class_list":["post-28068","page","type-page","status-publish","has-post-thumbnail","hentry","category-servicos-seo","category-seo-por-sector","tag-cannabis-cbd"],"acf":[],"aioseo_notices":[],"_links":{"self":[{"href":"https:\/\/www.unik-seo.com\/pt\/wp-json\/wp\/v2\/pages\/28068","targetHints":{"allow":["GET"]}}],"collection":[{"href":"https:\/\/www.unik-seo.com\/pt\/wp-json\/wp\/v2\/pages"}],"about":[{"href":"https:\/\/www.unik-seo.com\/pt\/wp-json\/wp\/v2\/types\/page"}],"author":[{"embeddable":true,"href":"https:\/\/www.unik-seo.com\/pt\/wp-json\/wp\/v2\/users\/3"}],"replies":[{"embeddable":true,"href":"https:\/\/www.unik-seo.com\/pt\/wp-json\/wp\/v2\/comments?post=28068"}],"version-history":[{"count":2,"href":"https:\/\/www.unik-seo.com\/pt\/wp-json\/wp\/v2\/pages\/28068\/revisions"}],"predecessor-version":[{"id":30534,"href":"https:\/\/www.unik-seo.com\/pt\/wp-json\/wp\/v2\/pages\/28068\/revisions\/30534"}],"wp:featuredmedia":[{"embeddable":true,"href":"https:\/\/www.unik-seo.com\/pt\/wp-json\/wp\/v2\/media\/28079"}],"wp:attachment":[{"href":"https:\/\/www.unik-seo.com\/pt\/wp-json\/wp\/v2\/media?parent=28068"}],"wp:term":[{"taxonomy":"category","embeddable":true,"href":"https:\/\/www.unik-seo.com\/pt\/wp-json\/wp\/v2\/categories?post=28068"},{"taxonomy":"post_tag","embeddable":true,"href":"https:\/\/www.unik-seo.com\/pt\/wp-json\/wp\/v2\/tags?post=28068"},{"taxonomy":"service","embeddable":true,"href":"https:\/\/www.unik-seo.com\/pt\/wp-json\/wp\/v2\/service?post=28068"}],"curies":[{"name":"wp","href":"https:\/\/api.w.org\/{rel}","templated":true}]}}