{"id":28057,"date":"2025-04-02T00:33:48","date_gmt":"2025-04-02T00:33:48","guid":{"rendered":"https:\/\/dev.unik-seo.com\/seo\/servicos-de-rp-digitais\/"},"modified":"2026-01-07T11:36:47","modified_gmt":"2026-01-07T11:36:47","slug":"digital-pr","status":"publish","type":"page","link":"https:\/\/www.unik-seo.com\/pt\/digital-pr","title":{"rendered":"RPs Digitais"},"content":{"rendered":"","protected":false},"excerpt":{"rendered":"<p>Queres transformar a cobertura dos media em ganhos significativos de SEO? Os servi\u00e7os de RPs digitais da UniK SEO s\u00e3o constru\u00eddos sobre a intersec\u00e7\u00e3o entre a narrativa editorial e a estrat\u00e9gia de pesquisa. Criamos campanhas prontas para as redac\u00e7\u00f5es, adquirimos backlinks de elevada autoridade e posicionamos a tua marca onde mais importa, no topo do Google e em publica\u00e7\u00f5es de primeira linha.  <\/p>\n","protected":false},"author":3,"featured_media":28063,"parent":0,"menu_order":0,"comment_status":"closed","ping_status":"closed","template":"","meta":{"_acf_changed":false,"footnotes":""},"categories":[145,172],"tags":[124,263],"service":[],"class_list":["post-28057","page","type-page","status-publish","has-post-thumbnail","hentry","category-servicos-seo","category-seo-por-servico","tag-b2b","tag-link-building"],"acf":[],"aioseo_notices":[],"_links":{"self":[{"href":"https:\/\/www.unik-seo.com\/pt\/wp-json\/wp\/v2\/pages\/28057","targetHints":{"allow":["GET"]}}],"collection":[{"href":"https:\/\/www.unik-seo.com\/pt\/wp-json\/wp\/v2\/pages"}],"about":[{"href":"https:\/\/www.unik-seo.com\/pt\/wp-json\/wp\/v2\/types\/page"}],"author":[{"embeddable":true,"href":"https:\/\/www.unik-seo.com\/pt\/wp-json\/wp\/v2\/users\/3"}],"replies":[{"embeddable":true,"href":"https:\/\/www.unik-seo.com\/pt\/wp-json\/wp\/v2\/comments?post=28057"}],"version-history":[{"count":5,"href":"https:\/\/www.unik-seo.com\/pt\/wp-json\/wp\/v2\/pages\/28057\/revisions"}],"predecessor-version":[{"id":31876,"href":"https:\/\/www.unik-seo.com\/pt\/wp-json\/wp\/v2\/pages\/28057\/revisions\/31876"}],"wp:featuredmedia":[{"embeddable":true,"href":"https:\/\/www.unik-seo.com\/pt\/wp-json\/wp\/v2\/media\/28063"}],"wp:attachment":[{"href":"https:\/\/www.unik-seo.com\/pt\/wp-json\/wp\/v2\/media?parent=28057"}],"wp:term":[{"taxonomy":"category","embeddable":true,"href":"https:\/\/www.unik-seo.com\/pt\/wp-json\/wp\/v2\/categories?post=28057"},{"taxonomy":"post_tag","embeddable":true,"href":"https:\/\/www.unik-seo.com\/pt\/wp-json\/wp\/v2\/tags?post=28057"},{"taxonomy":"service","embeddable":true,"href":"https:\/\/www.unik-seo.com\/pt\/wp-json\/wp\/v2\/service?post=28057"}],"curies":[{"name":"wp","href":"https:\/\/api.w.org\/{rel}","templated":true}]}}