{"id":28051,"date":"2025-04-02T00:43:14","date_gmt":"2025-04-02T00:43:14","guid":{"rendered":"https:\/\/dev.unik-seo.com\/seo\/seo-do-youtube\/"},"modified":"2026-02-03T14:44:24","modified_gmt":"2026-02-03T14:44:24","slug":"seo-para-youtube","status":"publish","type":"page","link":"https:\/\/www.unik-seo.com\/pt\/seo-para-youtube","title":{"rendered":"SEO para YouTube"},"content":{"rendered":"","protected":false},"excerpt":{"rendered":"<p>N\u00e3o somos uma ag\u00eancia de marketing qualquer a tentar \u201cperceber\u201d o YouTube. Na UniK SEO, somos uma verdadeira ag\u00eancia especializada em SEO para YouTube que sabe como a plataforma funciona actualmente e n\u00e3o como funcionava h\u00e1 dois anos. <\/p>\n<p>Mantemo-nos a par das actualiza\u00e7\u00f5es do algoritmo, das tend\u00eancias e dos dados do YouTube Studio, para que tu n\u00e3o tenhas de o fazer. J\u00e1 n\u00e3o se trata apenas de posicionamento, mas sim de reter, envolver e criar uma comunidade que volta para ver mais. <\/p>\n","protected":false},"author":3,"featured_media":28056,"parent":0,"menu_order":0,"comment_status":"closed","ping_status":"closed","template":"","meta":{"_acf_changed":false,"footnotes":""},"categories":[145,172],"tags":[124],"service":[],"class_list":["post-28051","page","type-page","status-publish","has-post-thumbnail","hentry","category-servicos-seo","category-seo-por-servico","tag-b2b"],"acf":[],"aioseo_notices":[],"_links":{"self":[{"href":"https:\/\/www.unik-seo.com\/pt\/wp-json\/wp\/v2\/pages\/28051","targetHints":{"allow":["GET"]}}],"collection":[{"href":"https:\/\/www.unik-seo.com\/pt\/wp-json\/wp\/v2\/pages"}],"about":[{"href":"https:\/\/www.unik-seo.com\/pt\/wp-json\/wp\/v2\/types\/page"}],"author":[{"embeddable":true,"href":"https:\/\/www.unik-seo.com\/pt\/wp-json\/wp\/v2\/users\/3"}],"replies":[{"embeddable":true,"href":"https:\/\/www.unik-seo.com\/pt\/wp-json\/wp\/v2\/comments?post=28051"}],"version-history":[{"count":4,"href":"https:\/\/www.unik-seo.com\/pt\/wp-json\/wp\/v2\/pages\/28051\/revisions"}],"predecessor-version":[{"id":32020,"href":"https:\/\/www.unik-seo.com\/pt\/wp-json\/wp\/v2\/pages\/28051\/revisions\/32020"}],"wp:featuredmedia":[{"embeddable":true,"href":"https:\/\/www.unik-seo.com\/pt\/wp-json\/wp\/v2\/media\/28056"}],"wp:attachment":[{"href":"https:\/\/www.unik-seo.com\/pt\/wp-json\/wp\/v2\/media?parent=28051"}],"wp:term":[{"taxonomy":"category","embeddable":true,"href":"https:\/\/www.unik-seo.com\/pt\/wp-json\/wp\/v2\/categories?post=28051"},{"taxonomy":"post_tag","embeddable":true,"href":"https:\/\/www.unik-seo.com\/pt\/wp-json\/wp\/v2\/tags?post=28051"},{"taxonomy":"service","embeddable":true,"href":"https:\/\/www.unik-seo.com\/pt\/wp-json\/wp\/v2\/service?post=28051"}],"curies":[{"name":"wp","href":"https:\/\/api.w.org\/{rel}","templated":true}]}}