{"id":28039,"date":"2025-04-02T00:39:09","date_gmt":"2025-04-02T00:39:09","guid":{"rendered":"https:\/\/dev.unik-seo.com\/seo\/servicos-de-seo-do-tiktok\/"},"modified":"2026-02-02T16:20:44","modified_gmt":"2026-02-02T16:20:44","slug":"seo-para-tiktok","status":"publish","type":"page","link":"https:\/\/www.unik-seo.com\/pt\/seo-para-tiktok","title":{"rendered":"SEO para TikTok"},"content":{"rendered":"","protected":false},"excerpt":{"rendered":"<p>Babe, temos de falar. Se andas a publicar banger atr\u00e1s de banger e continuas preso nas 46 visualiza\u00e7\u00f5es com um like por pena da tua m\u00e3e\u2026 n\u00e3o d\u00e1. Chega. Est\u00e1 na altura de deixares de lutar contra o algoritmo e come\u00e7ares a trabalhar com ele.   <\/p>\n<p>A UniK SEO \u00e9 a ag\u00eancia de SEO para TikTok que sabe mesmo como esta app funciona. Estamos nisto 24\/7 (a s\u00e9rio, algu\u00e9m devia tirar-nos os telem\u00f3veis) e sabemos exactamente o que faz o conte\u00fado ranquear, gerar engagement e ser impulsionado. <\/p>\n","protected":false},"author":3,"featured_media":28045,"parent":0,"menu_order":0,"comment_status":"closed","ping_status":"closed","template":"","meta":{"_acf_changed":false,"footnotes":""},"categories":[145,172],"tags":[124,261],"service":[],"class_list":["post-28039","page","type-page","status-publish","has-post-thumbnail","hentry","category-servicos-seo","category-seo-por-servico","tag-b2b","tag-social-media"],"acf":[],"aioseo_notices":[],"_links":{"self":[{"href":"https:\/\/www.unik-seo.com\/pt\/wp-json\/wp\/v2\/pages\/28039","targetHints":{"allow":["GET"]}}],"collection":[{"href":"https:\/\/www.unik-seo.com\/pt\/wp-json\/wp\/v2\/pages"}],"about":[{"href":"https:\/\/www.unik-seo.com\/pt\/wp-json\/wp\/v2\/types\/page"}],"author":[{"embeddable":true,"href":"https:\/\/www.unik-seo.com\/pt\/wp-json\/wp\/v2\/users\/3"}],"replies":[{"embeddable":true,"href":"https:\/\/www.unik-seo.com\/pt\/wp-json\/wp\/v2\/comments?post=28039"}],"version-history":[{"count":5,"href":"https:\/\/www.unik-seo.com\/pt\/wp-json\/wp\/v2\/pages\/28039\/revisions"}],"predecessor-version":[{"id":32005,"href":"https:\/\/www.unik-seo.com\/pt\/wp-json\/wp\/v2\/pages\/28039\/revisions\/32005"}],"wp:featuredmedia":[{"embeddable":true,"href":"https:\/\/www.unik-seo.com\/pt\/wp-json\/wp\/v2\/media\/28045"}],"wp:attachment":[{"href":"https:\/\/www.unik-seo.com\/pt\/wp-json\/wp\/v2\/media?parent=28039"}],"wp:term":[{"taxonomy":"category","embeddable":true,"href":"https:\/\/www.unik-seo.com\/pt\/wp-json\/wp\/v2\/categories?post=28039"},{"taxonomy":"post_tag","embeddable":true,"href":"https:\/\/www.unik-seo.com\/pt\/wp-json\/wp\/v2\/tags?post=28039"},{"taxonomy":"service","embeddable":true,"href":"https:\/\/www.unik-seo.com\/pt\/wp-json\/wp\/v2\/service?post=28039"}],"curies":[{"name":"wp","href":"https:\/\/api.w.org\/{rel}","templated":true}]}}