{"id":28032,"date":"2025-04-02T00:31:33","date_gmt":"2025-04-02T00:31:33","guid":{"rendered":"https:\/\/dev.unik-seo.com\/seo\/servicos-de-recuperacao-de-penalizacoes-do-google\/"},"modified":"2026-01-07T16:19:18","modified_gmt":"2026-01-07T16:19:18","slug":"penalizacao-google","status":"publish","type":"page","link":"https:\/\/www.unik-seo.com\/pt\/penalizacao-google","title":{"rendered":"Recupera\u00e7\u00e3o de Penaliza\u00e7\u00f5es do Google"},"content":{"rendered":"","protected":false},"excerpt":{"rendered":"<p>Sofreste alguma perda de tr\u00e1fego e\/ou uma queda substancial e repentina no posicionamento do teu site? O Google pode ter-te aplicado uma penaliza\u00e7\u00e3o (autom\u00e1tica ou manual) e agora n\u00e3o sabes como proceder. Felizmente para ti, a UniK SEO est\u00e1 aqui para te ajudar no processo de recupera\u00e7\u00e3o.  <\/p>\n","protected":false},"author":3,"featured_media":28037,"parent":0,"menu_order":0,"comment_status":"closed","ping_status":"closed","template":"","meta":{"_acf_changed":false,"footnotes":""},"categories":[145,172],"tags":[124],"service":[],"class_list":["post-28032","page","type-page","status-publish","has-post-thumbnail","hentry","category-servicos-seo","category-seo-por-servico","tag-b2b"],"acf":[],"aioseo_notices":[],"_links":{"self":[{"href":"https:\/\/www.unik-seo.com\/pt\/wp-json\/wp\/v2\/pages\/28032","targetHints":{"allow":["GET"]}}],"collection":[{"href":"https:\/\/www.unik-seo.com\/pt\/wp-json\/wp\/v2\/pages"}],"about":[{"href":"https:\/\/www.unik-seo.com\/pt\/wp-json\/wp\/v2\/types\/page"}],"author":[{"embeddable":true,"href":"https:\/\/www.unik-seo.com\/pt\/wp-json\/wp\/v2\/users\/3"}],"replies":[{"embeddable":true,"href":"https:\/\/www.unik-seo.com\/pt\/wp-json\/wp\/v2\/comments?post=28032"}],"version-history":[{"count":5,"href":"https:\/\/www.unik-seo.com\/pt\/wp-json\/wp\/v2\/pages\/28032\/revisions"}],"predecessor-version":[{"id":31886,"href":"https:\/\/www.unik-seo.com\/pt\/wp-json\/wp\/v2\/pages\/28032\/revisions\/31886"}],"wp:featuredmedia":[{"embeddable":true,"href":"https:\/\/www.unik-seo.com\/pt\/wp-json\/wp\/v2\/media\/28037"}],"wp:attachment":[{"href":"https:\/\/www.unik-seo.com\/pt\/wp-json\/wp\/v2\/media?parent=28032"}],"wp:term":[{"taxonomy":"category","embeddable":true,"href":"https:\/\/www.unik-seo.com\/pt\/wp-json\/wp\/v2\/categories?post=28032"},{"taxonomy":"post_tag","embeddable":true,"href":"https:\/\/www.unik-seo.com\/pt\/wp-json\/wp\/v2\/tags?post=28032"},{"taxonomy":"service","embeddable":true,"href":"https:\/\/www.unik-seo.com\/pt\/wp-json\/wp\/v2\/service?post=28032"}],"curies":[{"name":"wp","href":"https:\/\/api.w.org\/{rel}","templated":true}]}}