{"id":28021,"date":"2025-04-02T00:35:30","date_gmt":"2025-04-02T00:35:30","guid":{"rendered":"https:\/\/dev.unik-seo.com\/seo\/wikipedia-seo\/"},"modified":"2026-02-03T11:46:48","modified_gmt":"2026-02-03T11:46:48","slug":"wikipedia-seo","status":"publish","type":"page","link":"https:\/\/www.unik-seo.com\/pt\/wikipedia-seo","title":{"rendered":"SEO para Wikip\u00e9dia"},"content":{"rendered":"","protected":false},"excerpt":{"rendered":"<p>J\u00e1 reparaste como a Wikip\u00e9dia aparece sempre no topo dos resultados de pesquisa? Isto \u00e9 o poder do SEO para Wikip\u00e9dia em ac\u00e7\u00e3o. Na UniK SEO, desenvolvemos estrat\u00e9gias de SEO para a Wikip\u00e9dia precisas e eficazes que colocam o teu neg\u00f3cio em destaque online.  <\/p>\n","protected":false},"author":3,"featured_media":28026,"parent":0,"menu_order":0,"comment_status":"closed","ping_status":"closed","template":"","meta":{"_acf_changed":false,"footnotes":""},"categories":[145,172],"tags":[124],"service":[],"class_list":["post-28021","page","type-page","status-publish","has-post-thumbnail","hentry","category-servicos-seo","category-seo-por-servico","tag-b2b"],"acf":[],"aioseo_notices":[],"_links":{"self":[{"href":"https:\/\/www.unik-seo.com\/pt\/wp-json\/wp\/v2\/pages\/28021","targetHints":{"allow":["GET"]}}],"collection":[{"href":"https:\/\/www.unik-seo.com\/pt\/wp-json\/wp\/v2\/pages"}],"about":[{"href":"https:\/\/www.unik-seo.com\/pt\/wp-json\/wp\/v2\/types\/page"}],"author":[{"embeddable":true,"href":"https:\/\/www.unik-seo.com\/pt\/wp-json\/wp\/v2\/users\/3"}],"replies":[{"embeddable":true,"href":"https:\/\/www.unik-seo.com\/pt\/wp-json\/wp\/v2\/comments?post=28021"}],"version-history":[{"count":2,"href":"https:\/\/www.unik-seo.com\/pt\/wp-json\/wp\/v2\/pages\/28021\/revisions"}],"predecessor-version":[{"id":32009,"href":"https:\/\/www.unik-seo.com\/pt\/wp-json\/wp\/v2\/pages\/28021\/revisions\/32009"}],"wp:featuredmedia":[{"embeddable":true,"href":"https:\/\/www.unik-seo.com\/pt\/wp-json\/wp\/v2\/media\/28026"}],"wp:attachment":[{"href":"https:\/\/www.unik-seo.com\/pt\/wp-json\/wp\/v2\/media?parent=28021"}],"wp:term":[{"taxonomy":"category","embeddable":true,"href":"https:\/\/www.unik-seo.com\/pt\/wp-json\/wp\/v2\/categories?post=28021"},{"taxonomy":"post_tag","embeddable":true,"href":"https:\/\/www.unik-seo.com\/pt\/wp-json\/wp\/v2\/tags?post=28021"},{"taxonomy":"service","embeddable":true,"href":"https:\/\/www.unik-seo.com\/pt\/wp-json\/wp\/v2\/service?post=28021"}],"curies":[{"name":"wp","href":"https:\/\/api.w.org\/{rel}","templated":true}]}}