{"id":28007,"date":"2025-04-02T00:27:50","date_gmt":"2025-04-02T00:27:50","guid":{"rendered":"https:\/\/dev.unik-seo.com\/seo\/otimizacao-da-app-store\/"},"modified":"2026-01-06T12:23:31","modified_gmt":"2026-01-06T12:23:31","slug":"otimizacao-app-store","status":"publish","type":"page","link":"https:\/\/www.unik-seo.com\/pt\/otimizacao-app-store","title":{"rendered":"Optimiza\u00e7\u00e3o para App Store"},"content":{"rendered":"","protected":false},"excerpt":{"rendered":"<p>A UniK SEO \u00e9 pioneira em servi\u00e7os de Optimiza\u00e7\u00e3o para App Store em Portugal. O nosso planeamento estrat\u00e9gico procura atrair maiores visibilidade e exposi\u00e7\u00e3o e mais transfer\u00eancias da tua aplica\u00e7\u00e3o nas lojas de aplica\u00e7\u00f5es online (Google Play, iTunes, Microsoft Store, etc.). <\/p>\n","protected":false},"author":3,"featured_media":28014,"parent":0,"menu_order":0,"comment_status":"closed","ping_status":"closed","template":"","meta":{"_acf_changed":false,"footnotes":""},"categories":[145,172],"tags":[124],"service":[],"class_list":["post-28007","page","type-page","status-publish","has-post-thumbnail","hentry","category-servicos-seo","category-seo-por-servico","tag-b2b"],"acf":[],"aioseo_notices":[],"_links":{"self":[{"href":"https:\/\/www.unik-seo.com\/pt\/wp-json\/wp\/v2\/pages\/28007","targetHints":{"allow":["GET"]}}],"collection":[{"href":"https:\/\/www.unik-seo.com\/pt\/wp-json\/wp\/v2\/pages"}],"about":[{"href":"https:\/\/www.unik-seo.com\/pt\/wp-json\/wp\/v2\/types\/page"}],"author":[{"embeddable":true,"href":"https:\/\/www.unik-seo.com\/pt\/wp-json\/wp\/v2\/users\/3"}],"replies":[{"embeddable":true,"href":"https:\/\/www.unik-seo.com\/pt\/wp-json\/wp\/v2\/comments?post=28007"}],"version-history":[{"count":4,"href":"https:\/\/www.unik-seo.com\/pt\/wp-json\/wp\/v2\/pages\/28007\/revisions"}],"predecessor-version":[{"id":31873,"href":"https:\/\/www.unik-seo.com\/pt\/wp-json\/wp\/v2\/pages\/28007\/revisions\/31873"}],"wp:featuredmedia":[{"embeddable":true,"href":"https:\/\/www.unik-seo.com\/pt\/wp-json\/wp\/v2\/media\/28014"}],"wp:attachment":[{"href":"https:\/\/www.unik-seo.com\/pt\/wp-json\/wp\/v2\/media?parent=28007"}],"wp:term":[{"taxonomy":"category","embeddable":true,"href":"https:\/\/www.unik-seo.com\/pt\/wp-json\/wp\/v2\/categories?post=28007"},{"taxonomy":"post_tag","embeddable":true,"href":"https:\/\/www.unik-seo.com\/pt\/wp-json\/wp\/v2\/tags?post=28007"},{"taxonomy":"service","embeddable":true,"href":"https:\/\/www.unik-seo.com\/pt\/wp-json\/wp\/v2\/service?post=28007"}],"curies":[{"name":"wp","href":"https:\/\/api.w.org\/{rel}","templated":true}]}}