{"id":27995,"date":"2025-04-02T00:20:53","date_gmt":"2025-04-02T00:20:53","guid":{"rendered":"https:\/\/dev.unik-seo.com\/seo\/seo-de-marca-branca\/"},"modified":"2026-02-03T09:43:57","modified_gmt":"2026-02-03T09:43:57","slug":"seo-marca-branca","status":"publish","type":"page","link":"https:\/\/www.unik-seo.com\/pt\/seo-marca-branca","title":{"rendered":"SEO White Label"},"content":{"rendered":"","protected":false},"excerpt":{"rendered":"<p>Faz crescer a tua ag\u00eancia sem a dor de cabe\u00e7a de criares uma equipa de SEO interna. Os nossos servi\u00e7os de SEO White Label permitem-te entregar SEO de n\u00edvel profissional sob a tua marca, impressionar os teus clientes e manter o foco na expans\u00e3o do teu neg\u00f3cio. <\/p>\n","protected":false},"author":3,"featured_media":28001,"parent":0,"menu_order":0,"comment_status":"closed","ping_status":"closed","template":"","meta":{"_acf_changed":false,"footnotes":""},"categories":[145,172],"tags":[124],"service":[],"class_list":["post-27995","page","type-page","status-publish","has-post-thumbnail","hentry","category-servicos-seo","category-seo-por-servico","tag-b2b"],"acf":[],"aioseo_notices":[],"_links":{"self":[{"href":"https:\/\/www.unik-seo.com\/pt\/wp-json\/wp\/v2\/pages\/27995","targetHints":{"allow":["GET"]}}],"collection":[{"href":"https:\/\/www.unik-seo.com\/pt\/wp-json\/wp\/v2\/pages"}],"about":[{"href":"https:\/\/www.unik-seo.com\/pt\/wp-json\/wp\/v2\/types\/page"}],"author":[{"embeddable":true,"href":"https:\/\/www.unik-seo.com\/pt\/wp-json\/wp\/v2\/users\/3"}],"replies":[{"embeddable":true,"href":"https:\/\/www.unik-seo.com\/pt\/wp-json\/wp\/v2\/comments?post=27995"}],"version-history":[{"count":5,"href":"https:\/\/www.unik-seo.com\/pt\/wp-json\/wp\/v2\/pages\/27995\/revisions"}],"predecessor-version":[{"id":32008,"href":"https:\/\/www.unik-seo.com\/pt\/wp-json\/wp\/v2\/pages\/27995\/revisions\/32008"}],"wp:featuredmedia":[{"embeddable":true,"href":"https:\/\/www.unik-seo.com\/pt\/wp-json\/wp\/v2\/media\/28001"}],"wp:attachment":[{"href":"https:\/\/www.unik-seo.com\/pt\/wp-json\/wp\/v2\/media?parent=27995"}],"wp:term":[{"taxonomy":"category","embeddable":true,"href":"https:\/\/www.unik-seo.com\/pt\/wp-json\/wp\/v2\/categories?post=27995"},{"taxonomy":"post_tag","embeddable":true,"href":"https:\/\/www.unik-seo.com\/pt\/wp-json\/wp\/v2\/tags?post=27995"},{"taxonomy":"service","embeddable":true,"href":"https:\/\/www.unik-seo.com\/pt\/wp-json\/wp\/v2\/service?post=27995"}],"curies":[{"name":"wp","href":"https:\/\/api.w.org\/{rel}","templated":true}]}}