{"id":27985,"date":"2025-03-18T18:36:56","date_gmt":"2025-03-18T18:36:56","guid":{"rendered":"https:\/\/dev.unik-seo.com\/seo\/servicos-locais-de-seo\/"},"modified":"2026-01-13T16:45:38","modified_gmt":"2026-01-13T16:45:38","slug":"seo-local","status":"publish","type":"page","link":"https:\/\/www.unik-seo.com\/pt\/seo-local","title":{"rendered":"SEO Local"},"content":{"rendered":"","protected":false},"excerpt":{"rendered":"<p>Queres atrair mais clientes locais? A UniK SEO oferece servi\u00e7os de SEO local criados por especialistas que ajudam a tua empresa a obter um posicionamento mais elevado no Google Maps e nos resultados de pesquisa locais. De auditorias e cita\u00e7\u00f5es a estrat\u00e9gias adaptadas a m\u00faltiplas localiza\u00e7\u00f5es e solu\u00e7\u00f5es white label, fornecemos planos de SEO acess\u00edveis e adaptados \u00e0 tua \u00e1rea.  <\/p>\n","protected":false},"author":3,"featured_media":27991,"parent":0,"menu_order":0,"comment_status":"closed","ping_status":"closed","template":"","meta":{"_acf_changed":false,"footnotes":""},"categories":[145,172],"tags":[123],"service":[],"class_list":["post-27985","page","type-page","status-publish","has-post-thumbnail","hentry","category-servicos-seo","category-seo-por-servico","tag-local"],"acf":[],"aioseo_notices":[],"_links":{"self":[{"href":"https:\/\/www.unik-seo.com\/pt\/wp-json\/wp\/v2\/pages\/27985","targetHints":{"allow":["GET"]}}],"collection":[{"href":"https:\/\/www.unik-seo.com\/pt\/wp-json\/wp\/v2\/pages"}],"about":[{"href":"https:\/\/www.unik-seo.com\/pt\/wp-json\/wp\/v2\/types\/page"}],"author":[{"embeddable":true,"href":"https:\/\/www.unik-seo.com\/pt\/wp-json\/wp\/v2\/users\/3"}],"replies":[{"embeddable":true,"href":"https:\/\/www.unik-seo.com\/pt\/wp-json\/wp\/v2\/comments?post=27985"}],"version-history":[{"count":4,"href":"https:\/\/www.unik-seo.com\/pt\/wp-json\/wp\/v2\/pages\/27985\/revisions"}],"predecessor-version":[{"id":31913,"href":"https:\/\/www.unik-seo.com\/pt\/wp-json\/wp\/v2\/pages\/27985\/revisions\/31913"}],"wp:featuredmedia":[{"embeddable":true,"href":"https:\/\/www.unik-seo.com\/pt\/wp-json\/wp\/v2\/media\/27991"}],"wp:attachment":[{"href":"https:\/\/www.unik-seo.com\/pt\/wp-json\/wp\/v2\/media?parent=27985"}],"wp:term":[{"taxonomy":"category","embeddable":true,"href":"https:\/\/www.unik-seo.com\/pt\/wp-json\/wp\/v2\/categories?post=27985"},{"taxonomy":"post_tag","embeddable":true,"href":"https:\/\/www.unik-seo.com\/pt\/wp-json\/wp\/v2\/tags?post=27985"},{"taxonomy":"service","embeddable":true,"href":"https:\/\/www.unik-seo.com\/pt\/wp-json\/wp\/v2\/service?post=27985"}],"curies":[{"name":"wp","href":"https:\/\/api.w.org\/{rel}","templated":true}]}}