{"id":27978,"date":"2025-03-19T01:21:35","date_gmt":"2025-03-19T01:21:35","guid":{"rendered":"https:\/\/dev.unik-seo.com\/marketing\/servicos-de-e-reputacao\/"},"modified":"2025-10-08T15:25:18","modified_gmt":"2025-10-08T15:25:18","slug":"e-reputation","status":"publish","type":"page","link":"https:\/\/www.unik-seo.com\/pt\/e-reputation","title":{"rendered":"e-Reputation"},"content":{"rendered":"","protected":false},"excerpt":{"rendered":"<p>Controla a forma como o mundo te v\u00ea com os servi\u00e7os especializados de reputa\u00e7\u00e3o eletr\u00f3nica da UniK SEO. Os nossos servi\u00e7os personalizados de gest\u00e3o de reputa\u00e7\u00e3o SEO ajudam-no a eliminar conte\u00fados negativos, a aumentar os activos de confian\u00e7a e a recuperar a sua identidade digital nos motores de busca. <\/p>\n","protected":false},"author":3,"featured_media":27982,"parent":0,"menu_order":0,"comment_status":"closed","ping_status":"closed","template":"","meta":{"_acf_changed":false,"footnotes":""},"categories":[139],"tags":[124,263],"service":[],"class_list":["post-27978","page","type-page","status-publish","has-post-thumbnail","hentry","category-social-e-dados","tag-b2b","tag-link-building"],"acf":[],"aioseo_notices":[],"_links":{"self":[{"href":"https:\/\/www.unik-seo.com\/pt\/wp-json\/wp\/v2\/pages\/27978","targetHints":{"allow":["GET"]}}],"collection":[{"href":"https:\/\/www.unik-seo.com\/pt\/wp-json\/wp\/v2\/pages"}],"about":[{"href":"https:\/\/www.unik-seo.com\/pt\/wp-json\/wp\/v2\/types\/page"}],"author":[{"embeddable":true,"href":"https:\/\/www.unik-seo.com\/pt\/wp-json\/wp\/v2\/users\/3"}],"replies":[{"embeddable":true,"href":"https:\/\/www.unik-seo.com\/pt\/wp-json\/wp\/v2\/comments?post=27978"}],"version-history":[{"count":3,"href":"https:\/\/www.unik-seo.com\/pt\/wp-json\/wp\/v2\/pages\/27978\/revisions"}],"predecessor-version":[{"id":30762,"href":"https:\/\/www.unik-seo.com\/pt\/wp-json\/wp\/v2\/pages\/27978\/revisions\/30762"}],"wp:featuredmedia":[{"embeddable":true,"href":"https:\/\/www.unik-seo.com\/pt\/wp-json\/wp\/v2\/media\/27982"}],"wp:attachment":[{"href":"https:\/\/www.unik-seo.com\/pt\/wp-json\/wp\/v2\/media?parent=27978"}],"wp:term":[{"taxonomy":"category","embeddable":true,"href":"https:\/\/www.unik-seo.com\/pt\/wp-json\/wp\/v2\/categories?post=27978"},{"taxonomy":"post_tag","embeddable":true,"href":"https:\/\/www.unik-seo.com\/pt\/wp-json\/wp\/v2\/tags?post=27978"},{"taxonomy":"service","embeddable":true,"href":"https:\/\/www.unik-seo.com\/pt\/wp-json\/wp\/v2\/service?post=27978"}],"curies":[{"name":"wp","href":"https:\/\/api.w.org\/{rel}","templated":true}]}}