{"id":27970,"date":"2025-03-18T12:36:51","date_gmt":"2025-03-18T12:36:51","guid":{"rendered":"https:\/\/dev.unik-seo.com\/seo\/servicos-de-link-building\/"},"modified":"2026-01-13T15:18:12","modified_gmt":"2026-01-13T15:18:12","slug":"link-building","status":"publish","type":"page","link":"https:\/\/www.unik-seo.com\/pt\/link-building","title":{"rendered":"Link Building"},"content":{"rendered":"","protected":false},"excerpt":{"rendered":"<p>Se queres que o teu site apare\u00e7a no topo das p\u00e1ginas de resultados do Google, precisas de muito mais do que excelente conte\u00fado. Precisas de confian\u00e7a oriunda de backlinks de alta qualidade, ou seja, links de outros sites que redireccionam os utilizadores para o teu. Na UniK SEO, oferecemos servi\u00e7os profissionais de link building que ajudam o teu site a adquirir essa mesma confian\u00e7a, a escalar os resultados de pesquisa e a alcan\u00e7ar novos p\u00fablicos.   <\/p>\n","protected":false},"author":3,"featured_media":27976,"parent":0,"menu_order":0,"comment_status":"closed","ping_status":"closed","template":"","meta":{"_acf_changed":false,"footnotes":""},"categories":[145,172],"tags":[124,263],"service":[],"class_list":["post-27970","page","type-page","status-publish","has-post-thumbnail","hentry","category-servicos-seo","category-seo-por-servico","tag-b2b","tag-link-building"],"acf":[],"aioseo_notices":[],"_links":{"self":[{"href":"https:\/\/www.unik-seo.com\/pt\/wp-json\/wp\/v2\/pages\/27970","targetHints":{"allow":["GET"]}}],"collection":[{"href":"https:\/\/www.unik-seo.com\/pt\/wp-json\/wp\/v2\/pages"}],"about":[{"href":"https:\/\/www.unik-seo.com\/pt\/wp-json\/wp\/v2\/types\/page"}],"author":[{"embeddable":true,"href":"https:\/\/www.unik-seo.com\/pt\/wp-json\/wp\/v2\/users\/3"}],"replies":[{"embeddable":true,"href":"https:\/\/www.unik-seo.com\/pt\/wp-json\/wp\/v2\/comments?post=27970"}],"version-history":[{"count":5,"href":"https:\/\/www.unik-seo.com\/pt\/wp-json\/wp\/v2\/pages\/27970\/revisions"}],"predecessor-version":[{"id":31912,"href":"https:\/\/www.unik-seo.com\/pt\/wp-json\/wp\/v2\/pages\/27970\/revisions\/31912"}],"wp:featuredmedia":[{"embeddable":true,"href":"https:\/\/www.unik-seo.com\/pt\/wp-json\/wp\/v2\/media\/27976"}],"wp:attachment":[{"href":"https:\/\/www.unik-seo.com\/pt\/wp-json\/wp\/v2\/media?parent=27970"}],"wp:term":[{"taxonomy":"category","embeddable":true,"href":"https:\/\/www.unik-seo.com\/pt\/wp-json\/wp\/v2\/categories?post=27970"},{"taxonomy":"post_tag","embeddable":true,"href":"https:\/\/www.unik-seo.com\/pt\/wp-json\/wp\/v2\/tags?post=27970"},{"taxonomy":"service","embeddable":true,"href":"https:\/\/www.unik-seo.com\/pt\/wp-json\/wp\/v2\/service?post=27970"}],"curies":[{"name":"wp","href":"https:\/\/api.w.org\/{rel}","templated":true}]}}