{"id":27953,"date":"2025-03-06T16:37:04","date_gmt":"2025-03-06T16:37:04","guid":{"rendered":"https:\/\/dev.unik-seo.com\/seo\/servicos-de-auditoria-seo\/"},"modified":"2026-01-14T10:26:57","modified_gmt":"2026-01-14T10:26:57","slug":"auditorias-seo","status":"publish","type":"page","link":"https:\/\/www.unik-seo.com\/pt\/auditorias-seo","title":{"rendered":"Auditorias de SEO"},"content":{"rendered":"","protected":false},"excerpt":{"rendered":"<p>O teu site pode parecer extraordin\u00e1rio por fora, mas se n\u00e3o estiver optimizado por debaixo do cap\u00f4, significa que est\u00e1 a perder tr\u00e1fego e a sofrer quedas de posicionamento e quebras de receitas. Os servi\u00e7os de auditoria de SEO da UniK SEO revelam os problemas ocultos que est\u00e3o a impedir o teu site de dar o seu melhor, de quest\u00f5es t\u00e9cnicas de SEO on-page a lacunas e inefici\u00eancias de SEO de conte\u00fados. <\/p>\n","protected":false},"author":3,"featured_media":27966,"parent":0,"menu_order":0,"comment_status":"closed","ping_status":"closed","template":"","meta":{"_acf_changed":false,"footnotes":""},"categories":[145,172],"tags":[124],"service":[],"class_list":["post-27953","page","type-page","status-publish","has-post-thumbnail","hentry","category-servicos-seo","category-seo-por-servico","tag-b2b"],"acf":[],"aioseo_notices":[],"_links":{"self":[{"href":"https:\/\/www.unik-seo.com\/pt\/wp-json\/wp\/v2\/pages\/27953","targetHints":{"allow":["GET"]}}],"collection":[{"href":"https:\/\/www.unik-seo.com\/pt\/wp-json\/wp\/v2\/pages"}],"about":[{"href":"https:\/\/www.unik-seo.com\/pt\/wp-json\/wp\/v2\/types\/page"}],"author":[{"embeddable":true,"href":"https:\/\/www.unik-seo.com\/pt\/wp-json\/wp\/v2\/users\/3"}],"replies":[{"embeddable":true,"href":"https:\/\/www.unik-seo.com\/pt\/wp-json\/wp\/v2\/comments?post=27953"}],"version-history":[{"count":4,"href":"https:\/\/www.unik-seo.com\/pt\/wp-json\/wp\/v2\/pages\/27953\/revisions"}],"predecessor-version":[{"id":31914,"href":"https:\/\/www.unik-seo.com\/pt\/wp-json\/wp\/v2\/pages\/27953\/revisions\/31914"}],"wp:featuredmedia":[{"embeddable":true,"href":"https:\/\/www.unik-seo.com\/pt\/wp-json\/wp\/v2\/media\/27966"}],"wp:attachment":[{"href":"https:\/\/www.unik-seo.com\/pt\/wp-json\/wp\/v2\/media?parent=27953"}],"wp:term":[{"taxonomy":"category","embeddable":true,"href":"https:\/\/www.unik-seo.com\/pt\/wp-json\/wp\/v2\/categories?post=27953"},{"taxonomy":"post_tag","embeddable":true,"href":"https:\/\/www.unik-seo.com\/pt\/wp-json\/wp\/v2\/tags?post=27953"},{"taxonomy":"service","embeddable":true,"href":"https:\/\/www.unik-seo.com\/pt\/wp-json\/wp\/v2\/service?post=27953"}],"curies":[{"name":"wp","href":"https:\/\/api.w.org\/{rel}","templated":true}]}}