{"id":27943,"date":"2025-03-18T12:21:31","date_gmt":"2025-03-18T12:21:31","guid":{"rendered":"https:\/\/dev.unik-seo.com\/seo\/estrategia-de-marketing-de-conteudos\/"},"modified":"2026-01-06T16:32:56","modified_gmt":"2026-01-06T16:32:56","slug":"marketing-conteudos","status":"publish","type":"page","link":"https:\/\/www.unik-seo.com\/pt\/marketing-conteudos","title":{"rendered":"Marketing de Conte\u00fados"},"content":{"rendered":"","protected":false},"excerpt":{"rendered":"<p>Descobre os servi\u00e7os de SEO de marketing de conte\u00fados da UniK SEO, em que a estrat\u00e9gia vai ao encontro do desempenho. Da pesquisa de palavras-chave e cria\u00e7\u00e3o de conte\u00fados \u00e0 optimiza\u00e7\u00e3o e fornecimento de relat\u00f3rios, criamos conte\u00fados orientados para SEO bem classificados, que convertem e aumentam a tua visibilidade a longo prazo. <\/p>\n","protected":false},"author":3,"featured_media":27951,"parent":0,"menu_order":0,"comment_status":"closed","ping_status":"closed","template":"","meta":{"_acf_changed":false,"footnotes":""},"categories":[145,172],"tags":[124,260],"service":[],"class_list":["post-27943","page","type-page","status-publish","has-post-thumbnail","hentry","category-servicos-seo","category-seo-por-servico","tag-b2b","tag-content-seo"],"acf":[],"aioseo_notices":[],"_links":{"self":[{"href":"https:\/\/www.unik-seo.com\/pt\/wp-json\/wp\/v2\/pages\/27943","targetHints":{"allow":["GET"]}}],"collection":[{"href":"https:\/\/www.unik-seo.com\/pt\/wp-json\/wp\/v2\/pages"}],"about":[{"href":"https:\/\/www.unik-seo.com\/pt\/wp-json\/wp\/v2\/types\/page"}],"author":[{"embeddable":true,"href":"https:\/\/www.unik-seo.com\/pt\/wp-json\/wp\/v2\/users\/3"}],"replies":[{"embeddable":true,"href":"https:\/\/www.unik-seo.com\/pt\/wp-json\/wp\/v2\/comments?post=27943"}],"version-history":[{"count":4,"href":"https:\/\/www.unik-seo.com\/pt\/wp-json\/wp\/v2\/pages\/27943\/revisions"}],"predecessor-version":[{"id":31875,"href":"https:\/\/www.unik-seo.com\/pt\/wp-json\/wp\/v2\/pages\/27943\/revisions\/31875"}],"wp:featuredmedia":[{"embeddable":true,"href":"https:\/\/www.unik-seo.com\/pt\/wp-json\/wp\/v2\/media\/27951"}],"wp:attachment":[{"href":"https:\/\/www.unik-seo.com\/pt\/wp-json\/wp\/v2\/media?parent=27943"}],"wp:term":[{"taxonomy":"category","embeddable":true,"href":"https:\/\/www.unik-seo.com\/pt\/wp-json\/wp\/v2\/categories?post=27943"},{"taxonomy":"post_tag","embeddable":true,"href":"https:\/\/www.unik-seo.com\/pt\/wp-json\/wp\/v2\/tags?post=27943"},{"taxonomy":"service","embeddable":true,"href":"https:\/\/www.unik-seo.com\/pt\/wp-json\/wp\/v2\/service?post=27943"}],"curies":[{"name":"wp","href":"https:\/\/api.w.org\/{rel}","templated":true}]}}