{"id":27164,"date":"2025-04-04T13:28:32","date_gmt":"2025-04-04T13:28:32","guid":{"rendered":"https:\/\/dev.unik-seo.com\/nft-seo\/"},"modified":"2025-09-17T17:59:20","modified_gmt":"2025-09-17T17:59:20","slug":"nft-seo","status":"publish","type":"page","link":"https:\/\/www.unik-seo.com\/pt\/nft-seo","title":{"rendered":"NFT SEO"},"content":{"rendered":"","protected":false},"excerpt":{"rendered":"<p>Na UniK SEO, compreendemos que o teu projeto NFT (Non-Fungible Token) \u00e9 mais do que pixels numa cadeia &#8211; \u00e9 um ecossistema vivo com uma comunidade de detentores, um roteiro que est\u00e1 a evoluir em tempo real e uma narrativa que precisa de ressoar para al\u00e9m do Discord.<\/p>\n","protected":false},"author":3,"featured_media":27169,"parent":0,"menu_order":0,"comment_status":"closed","ping_status":"closed","template":"","meta":{"_acf_changed":false,"footnotes":""},"categories":[145,148],"tags":[122],"service":[],"class_list":["post-27164","page","type-page","status-publish","has-post-thumbnail","hentry","category-servicos-seo","category-seo-por-sector","tag-crypto"],"acf":[],"aioseo_notices":[],"_links":{"self":[{"href":"https:\/\/www.unik-seo.com\/pt\/wp-json\/wp\/v2\/pages\/27164","targetHints":{"allow":["GET"]}}],"collection":[{"href":"https:\/\/www.unik-seo.com\/pt\/wp-json\/wp\/v2\/pages"}],"about":[{"href":"https:\/\/www.unik-seo.com\/pt\/wp-json\/wp\/v2\/types\/page"}],"author":[{"embeddable":true,"href":"https:\/\/www.unik-seo.com\/pt\/wp-json\/wp\/v2\/users\/3"}],"replies":[{"embeddable":true,"href":"https:\/\/www.unik-seo.com\/pt\/wp-json\/wp\/v2\/comments?post=27164"}],"version-history":[{"count":1,"href":"https:\/\/www.unik-seo.com\/pt\/wp-json\/wp\/v2\/pages\/27164\/revisions"}],"predecessor-version":[{"id":27170,"href":"https:\/\/www.unik-seo.com\/pt\/wp-json\/wp\/v2\/pages\/27164\/revisions\/27170"}],"wp:featuredmedia":[{"embeddable":true,"href":"https:\/\/www.unik-seo.com\/pt\/wp-json\/wp\/v2\/media\/27169"}],"wp:attachment":[{"href":"https:\/\/www.unik-seo.com\/pt\/wp-json\/wp\/v2\/media?parent=27164"}],"wp:term":[{"taxonomy":"category","embeddable":true,"href":"https:\/\/www.unik-seo.com\/pt\/wp-json\/wp\/v2\/categories?post=27164"},{"taxonomy":"post_tag","embeddable":true,"href":"https:\/\/www.unik-seo.com\/pt\/wp-json\/wp\/v2\/tags?post=27164"},{"taxonomy":"service","embeddable":true,"href":"https:\/\/www.unik-seo.com\/pt\/wp-json\/wp\/v2\/service?post=27164"}],"curies":[{"name":"wp","href":"https:\/\/api.w.org\/{rel}","templated":true}]}}