{"id":27155,"date":"2025-04-07T21:34:24","date_gmt":"2025-04-07T21:34:24","guid":{"rendered":"https:\/\/dev.unik-seo.com\/servicos-de-gestao-de-subvencoes-do-google\/"},"modified":"2025-10-28T00:30:00","modified_gmt":"2025-10-28T00:30:00","slug":"google-grants","status":"publish","type":"page","link":"https:\/\/www.unik-seo.com\/pt\/google-grants","title":{"rendered":"Gest\u00e3o de subven\u00e7\u00f5es do Google"},"content":{"rendered":"","protected":false},"excerpt":{"rendered":"<p>A UniK SEO oferece servi\u00e7os especializados de gest\u00e3o de subs\u00eddios do Google e de SEO para subs\u00eddios, concebidos para ajudar as organiza\u00e7\u00f5es sem fins lucrativos a aumentar a visibilidade, atrair doadores e gerar um impacto mensur\u00e1vel. Desde a configura\u00e7\u00e3o da elegibilidade at\u00e9 \u00e0 otimiza\u00e7\u00e3o completa da campanha, tratamos de tudo, para que se possa concentrar na sua miss\u00e3o enquanto n\u00f3s tratamos do desempenho, da conformidade e do crescimento. <\/p>\n","protected":false},"author":3,"featured_media":27162,"parent":0,"menu_order":0,"comment_status":"closed","ping_status":"closed","template":"","meta":{"_acf_changed":false,"footnotes":""},"categories":[143],"tags":[264,124],"service":[],"class_list":["post-27155","page","type-page","status-publish","has-post-thumbnail","hentry","category-ppc-pt","tag-ads","tag-b2b"],"acf":[],"aioseo_notices":[],"_links":{"self":[{"href":"https:\/\/www.unik-seo.com\/pt\/wp-json\/wp\/v2\/pages\/27155","targetHints":{"allow":["GET"]}}],"collection":[{"href":"https:\/\/www.unik-seo.com\/pt\/wp-json\/wp\/v2\/pages"}],"about":[{"href":"https:\/\/www.unik-seo.com\/pt\/wp-json\/wp\/v2\/types\/page"}],"author":[{"embeddable":true,"href":"https:\/\/www.unik-seo.com\/pt\/wp-json\/wp\/v2\/users\/3"}],"replies":[{"embeddable":true,"href":"https:\/\/www.unik-seo.com\/pt\/wp-json\/wp\/v2\/comments?post=27155"}],"version-history":[{"count":3,"href":"https:\/\/www.unik-seo.com\/pt\/wp-json\/wp\/v2\/pages\/27155\/revisions"}],"predecessor-version":[{"id":31468,"href":"https:\/\/www.unik-seo.com\/pt\/wp-json\/wp\/v2\/pages\/27155\/revisions\/31468"}],"wp:featuredmedia":[{"embeddable":true,"href":"https:\/\/www.unik-seo.com\/pt\/wp-json\/wp\/v2\/media\/27162"}],"wp:attachment":[{"href":"https:\/\/www.unik-seo.com\/pt\/wp-json\/wp\/v2\/media?parent=27155"}],"wp:term":[{"taxonomy":"category","embeddable":true,"href":"https:\/\/www.unik-seo.com\/pt\/wp-json\/wp\/v2\/categories?post=27155"},{"taxonomy":"post_tag","embeddable":true,"href":"https:\/\/www.unik-seo.com\/pt\/wp-json\/wp\/v2\/tags?post=27155"},{"taxonomy":"service","embeddable":true,"href":"https:\/\/www.unik-seo.com\/pt\/wp-json\/wp\/v2\/service?post=27155"}],"curies":[{"name":"wp","href":"https:\/\/api.w.org\/{rel}","templated":true}]}}