{"id":27146,"date":"2025-04-04T13:32:44","date_gmt":"2025-04-04T13:32:44","guid":{"rendered":"https:\/\/dev.unik-seo.com\/seo-para-wordpress\/"},"modified":"2025-09-17T17:59:30","modified_gmt":"2025-09-17T17:59:30","slug":"seo-para-wordpress","status":"publish","type":"page","link":"https:\/\/www.unik-seo.com\/pt\/seo-para-wordpress","title":{"rendered":"SEO para WordPress"},"content":{"rendered":"","protected":false},"excerpt":{"rendered":"<p>Na UniK SEO, n\u00e3o nos limitamos a fazer SEO gen\u00e9rico &#8211; vivemos e respiramos SEO para WordPress. Desde as actualiza\u00e7\u00f5es do n\u00facleo at\u00e9 aos ganchos de temas personalizados, compreendemos os meandros do que faz o WordPress cantarolar &#8211; e, mais importante ainda, como o colocar no ranking. <\/p>\n","protected":false},"author":3,"featured_media":27151,"parent":0,"menu_order":0,"comment_status":"closed","ping_status":"closed","template":"","meta":{"_acf_changed":false,"footnotes":""},"categories":[145,146],"tags":[124],"service":[],"class_list":["post-27146","page","type-page","status-publish","has-post-thumbnail","hentry","category-servicos-seo","category-seo-por-cms","tag-b2b"],"acf":[],"aioseo_notices":[],"_links":{"self":[{"href":"https:\/\/www.unik-seo.com\/pt\/wp-json\/wp\/v2\/pages\/27146","targetHints":{"allow":["GET"]}}],"collection":[{"href":"https:\/\/www.unik-seo.com\/pt\/wp-json\/wp\/v2\/pages"}],"about":[{"href":"https:\/\/www.unik-seo.com\/pt\/wp-json\/wp\/v2\/types\/page"}],"author":[{"embeddable":true,"href":"https:\/\/www.unik-seo.com\/pt\/wp-json\/wp\/v2\/users\/3"}],"replies":[{"embeddable":true,"href":"https:\/\/www.unik-seo.com\/pt\/wp-json\/wp\/v2\/comments?post=27146"}],"version-history":[{"count":1,"href":"https:\/\/www.unik-seo.com\/pt\/wp-json\/wp\/v2\/pages\/27146\/revisions"}],"predecessor-version":[{"id":27152,"href":"https:\/\/www.unik-seo.com\/pt\/wp-json\/wp\/v2\/pages\/27146\/revisions\/27152"}],"wp:featuredmedia":[{"embeddable":true,"href":"https:\/\/www.unik-seo.com\/pt\/wp-json\/wp\/v2\/media\/27151"}],"wp:attachment":[{"href":"https:\/\/www.unik-seo.com\/pt\/wp-json\/wp\/v2\/media?parent=27146"}],"wp:term":[{"taxonomy":"category","embeddable":true,"href":"https:\/\/www.unik-seo.com\/pt\/wp-json\/wp\/v2\/categories?post=27146"},{"taxonomy":"post_tag","embeddable":true,"href":"https:\/\/www.unik-seo.com\/pt\/wp-json\/wp\/v2\/tags?post=27146"},{"taxonomy":"service","embeddable":true,"href":"https:\/\/www.unik-seo.com\/pt\/wp-json\/wp\/v2\/service?post=27146"}],"curies":[{"name":"wp","href":"https:\/\/api.w.org\/{rel}","templated":true}]}}