{"id":27137,"date":"2025-04-04T13:35:33","date_gmt":"2025-04-04T13:35:33","guid":{"rendered":"https:\/\/dev.unik-seo.com\/wix-seo\/"},"modified":"2025-09-17T17:59:28","modified_gmt":"2025-09-17T17:59:28","slug":"wix-seo","status":"publish","type":"page","link":"https:\/\/www.unik-seo.com\/pt\/wix-seo","title":{"rendered":"Wix SEO"},"content":{"rendered":"","protected":false},"excerpt":{"rendered":"<p>Na UniK SEO, tratamos o Wix SEO como tu tratas o painel de controlo do teu pr\u00f3prio site: com precis\u00e3o, estrat\u00e9gia e um olho para o que realmente funciona. N\u00e3o somos uma ag\u00eancia qualquer &#8211; somos o seu especialista em SEO para Wix, equipado para fazer a visibilidade do seu site subir sem comprometer o seu design, marca ou o layout limpo que construiu cuidadosamente no Editor Wix. <\/p>\n","protected":false},"author":3,"featured_media":27144,"parent":0,"menu_order":0,"comment_status":"closed","ping_status":"closed","template":"","meta":{"_acf_changed":false,"footnotes":""},"categories":[145,146],"tags":[124],"service":[],"class_list":["post-27137","page","type-page","status-publish","has-post-thumbnail","hentry","category-servicos-seo","category-seo-por-cms","tag-b2b"],"acf":[],"aioseo_notices":[],"_links":{"self":[{"href":"https:\/\/www.unik-seo.com\/pt\/wp-json\/wp\/v2\/pages\/27137","targetHints":{"allow":["GET"]}}],"collection":[{"href":"https:\/\/www.unik-seo.com\/pt\/wp-json\/wp\/v2\/pages"}],"about":[{"href":"https:\/\/www.unik-seo.com\/pt\/wp-json\/wp\/v2\/types\/page"}],"author":[{"embeddable":true,"href":"https:\/\/www.unik-seo.com\/pt\/wp-json\/wp\/v2\/users\/3"}],"replies":[{"embeddable":true,"href":"https:\/\/www.unik-seo.com\/pt\/wp-json\/wp\/v2\/comments?post=27137"}],"version-history":[{"count":1,"href":"https:\/\/www.unik-seo.com\/pt\/wp-json\/wp\/v2\/pages\/27137\/revisions"}],"predecessor-version":[{"id":27145,"href":"https:\/\/www.unik-seo.com\/pt\/wp-json\/wp\/v2\/pages\/27137\/revisions\/27145"}],"wp:featuredmedia":[{"embeddable":true,"href":"https:\/\/www.unik-seo.com\/pt\/wp-json\/wp\/v2\/media\/27144"}],"wp:attachment":[{"href":"https:\/\/www.unik-seo.com\/pt\/wp-json\/wp\/v2\/media?parent=27137"}],"wp:term":[{"taxonomy":"category","embeddable":true,"href":"https:\/\/www.unik-seo.com\/pt\/wp-json\/wp\/v2\/categories?post=27137"},{"taxonomy":"post_tag","embeddable":true,"href":"https:\/\/www.unik-seo.com\/pt\/wp-json\/wp\/v2\/tags?post=27137"},{"taxonomy":"service","embeddable":true,"href":"https:\/\/www.unik-seo.com\/pt\/wp-json\/wp\/v2\/service?post=27137"}],"curies":[{"name":"wp","href":"https:\/\/api.w.org\/{rel}","templated":true}]}}