{"id":27130,"date":"2025-04-04T13:31:16","date_gmt":"2025-04-04T13:31:16","guid":{"rendered":"https:\/\/dev.unik-seo.com\/seo-para-edtech\/"},"modified":"2025-09-29T14:51:24","modified_gmt":"2025-09-29T14:51:24","slug":"seo-instituicao-ensino","status":"publish","type":"page","link":"https:\/\/www.unik-seo.com\/pt\/seo-instituicao-ensino","title":{"rendered":"SEO para Institui\u00e7\u00e3o de Ensino"},"content":{"rendered":"","protected":false},"excerpt":{"rendered":"<p>Casino SEO \u00e9 destinado a empresas de jogos de apostas online. Com estrat\u00e9gias de otimiza\u00e7\u00e3o iGaming concebidas especificamente para a tua marca, vamos conseguir-te mais visibilidade, backlinks, tr\u00e1fego org\u00e2nico e convers\u00f5es. <\/p>\n","protected":false},"author":3,"featured_media":27135,"parent":0,"menu_order":0,"comment_status":"closed","ping_status":"closed","template":"","meta":{"_acf_changed":false,"footnotes":""},"categories":[145,148],"tags":[124],"service":[],"class_list":["post-27130","page","type-page","status-publish","has-post-thumbnail","hentry","category-servicos-seo","category-seo-por-sector","tag-b2b"],"acf":[],"aioseo_notices":[],"_links":{"self":[{"href":"https:\/\/www.unik-seo.com\/pt\/wp-json\/wp\/v2\/pages\/27130","targetHints":{"allow":["GET"]}}],"collection":[{"href":"https:\/\/www.unik-seo.com\/pt\/wp-json\/wp\/v2\/pages"}],"about":[{"href":"https:\/\/www.unik-seo.com\/pt\/wp-json\/wp\/v2\/types\/page"}],"author":[{"embeddable":true,"href":"https:\/\/www.unik-seo.com\/pt\/wp-json\/wp\/v2\/users\/3"}],"replies":[{"embeddable":true,"href":"https:\/\/www.unik-seo.com\/pt\/wp-json\/wp\/v2\/comments?post=27130"}],"version-history":[{"count":2,"href":"https:\/\/www.unik-seo.com\/pt\/wp-json\/wp\/v2\/pages\/27130\/revisions"}],"predecessor-version":[{"id":30532,"href":"https:\/\/www.unik-seo.com\/pt\/wp-json\/wp\/v2\/pages\/27130\/revisions\/30532"}],"wp:featuredmedia":[{"embeddable":true,"href":"https:\/\/www.unik-seo.com\/pt\/wp-json\/wp\/v2\/media\/27135"}],"wp:attachment":[{"href":"https:\/\/www.unik-seo.com\/pt\/wp-json\/wp\/v2\/media?parent=27130"}],"wp:term":[{"taxonomy":"category","embeddable":true,"href":"https:\/\/www.unik-seo.com\/pt\/wp-json\/wp\/v2\/categories?post=27130"},{"taxonomy":"post_tag","embeddable":true,"href":"https:\/\/www.unik-seo.com\/pt\/wp-json\/wp\/v2\/tags?post=27130"},{"taxonomy":"service","embeddable":true,"href":"https:\/\/www.unik-seo.com\/pt\/wp-json\/wp\/v2\/service?post=27130"}],"curies":[{"name":"wp","href":"https:\/\/api.w.org\/{rel}","templated":true}]}}