{"id":27110,"date":"2025-04-04T13:36:58","date_gmt":"2025-04-04T13:36:58","guid":{"rendered":"https:\/\/dev.unik-seo.com\/magento-seo\/"},"modified":"2025-09-17T17:59:25","modified_gmt":"2025-09-17T17:59:25","slug":"magento-seo","status":"publish","type":"page","link":"https:\/\/www.unik-seo.com\/pt\/magento-seo","title":{"rendered":"Magento SEO"},"content":{"rendered":"","protected":false},"excerpt":{"rendered":"<p>Com o nosso servi\u00e7o de SEO para Magento, ajudamos-te a melhorar a efic\u00e1cia do teu site Magento, mantendo a tua visibilidade e objectivos no foco central. Nos neg\u00f3cios modernos de sites pequenos e m\u00e9dios, uma presen\u00e7a online de longo alcance \u00e9 muitas vezes uma necessidade. <\/p>\n","protected":false},"author":3,"featured_media":27116,"parent":0,"menu_order":0,"comment_status":"closed","ping_status":"closed","template":"","meta":{"_acf_changed":false,"footnotes":""},"categories":[145,146],"tags":[124],"service":[],"class_list":["post-27110","page","type-page","status-publish","has-post-thumbnail","hentry","category-servicos-seo","category-seo-por-cms","tag-b2b"],"acf":[],"aioseo_notices":[],"_links":{"self":[{"href":"https:\/\/www.unik-seo.com\/pt\/wp-json\/wp\/v2\/pages\/27110","targetHints":{"allow":["GET"]}}],"collection":[{"href":"https:\/\/www.unik-seo.com\/pt\/wp-json\/wp\/v2\/pages"}],"about":[{"href":"https:\/\/www.unik-seo.com\/pt\/wp-json\/wp\/v2\/types\/page"}],"author":[{"embeddable":true,"href":"https:\/\/www.unik-seo.com\/pt\/wp-json\/wp\/v2\/users\/3"}],"replies":[{"embeddable":true,"href":"https:\/\/www.unik-seo.com\/pt\/wp-json\/wp\/v2\/comments?post=27110"}],"version-history":[{"count":1,"href":"https:\/\/www.unik-seo.com\/pt\/wp-json\/wp\/v2\/pages\/27110\/revisions"}],"predecessor-version":[{"id":27118,"href":"https:\/\/www.unik-seo.com\/pt\/wp-json\/wp\/v2\/pages\/27110\/revisions\/27118"}],"wp:featuredmedia":[{"embeddable":true,"href":"https:\/\/www.unik-seo.com\/pt\/wp-json\/wp\/v2\/media\/27116"}],"wp:attachment":[{"href":"https:\/\/www.unik-seo.com\/pt\/wp-json\/wp\/v2\/media?parent=27110"}],"wp:term":[{"taxonomy":"category","embeddable":true,"href":"https:\/\/www.unik-seo.com\/pt\/wp-json\/wp\/v2\/categories?post=27110"},{"taxonomy":"post_tag","embeddable":true,"href":"https:\/\/www.unik-seo.com\/pt\/wp-json\/wp\/v2\/tags?post=27110"},{"taxonomy":"service","embeddable":true,"href":"https:\/\/www.unik-seo.com\/pt\/wp-json\/wp\/v2\/service?post=27110"}],"curies":[{"name":"wp","href":"https:\/\/api.w.org\/{rel}","templated":true}]}}