{"id":27097,"date":"2025-04-07T20:51:24","date_gmt":"2025-04-07T20:51:24","guid":{"rendered":"https:\/\/dev.unik-seo.com\/anuncios-programaticos\/"},"modified":"2026-03-18T15:52:14","modified_gmt":"2026-03-18T15:52:14","slug":"anuncios-programaticos","status":"publish","type":"page","link":"https:\/\/www.unik-seo.com\/pt\/anuncios-programaticos","title":{"rendered":"An\u00fancios Program\u00e1ticos"},"content":{"rendered":"","protected":false},"excerpt":{"rendered":"<p>A publicidade program\u00e1tica \u00e9 o padr\u00e3o de ouro para precis\u00e3o, escala e desempenho orientado por dados, embora a UniK SEO seja muito mais do que uma ag\u00eancia de publicidade program\u00e1tica &#8211; somos os seus parceiros estrat\u00e9gicos, arquitectos de campanhas hiper-direcionadas que aproveitam todo o potencial das solu\u00e7\u00f5es de publicidade program\u00e1tica.<\/p>\n","protected":false},"author":3,"featured_media":27103,"parent":0,"menu_order":0,"comment_status":"closed","ping_status":"closed","template":"","meta":{"_acf_changed":false,"footnotes":""},"categories":[143],"tags":[264,163,121],"service":[],"class_list":["post-27097","page","type-page","status-publish","has-post-thumbnail","hentry","category-ppc-pt","tag-ads","tag-b2b","tag-e-commerce"],"acf":[],"aioseo_notices":[],"_links":{"self":[{"href":"https:\/\/www.unik-seo.com\/pt\/wp-json\/wp\/v2\/pages\/27097","targetHints":{"allow":["GET"]}}],"collection":[{"href":"https:\/\/www.unik-seo.com\/pt\/wp-json\/wp\/v2\/pages"}],"about":[{"href":"https:\/\/www.unik-seo.com\/pt\/wp-json\/wp\/v2\/types\/page"}],"author":[{"embeddable":true,"href":"https:\/\/www.unik-seo.com\/pt\/wp-json\/wp\/v2\/users\/3"}],"replies":[{"embeddable":true,"href":"https:\/\/www.unik-seo.com\/pt\/wp-json\/wp\/v2\/comments?post=27097"}],"version-history":[{"count":2,"href":"https:\/\/www.unik-seo.com\/pt\/wp-json\/wp\/v2\/pages\/27097\/revisions"}],"predecessor-version":[{"id":30766,"href":"https:\/\/www.unik-seo.com\/pt\/wp-json\/wp\/v2\/pages\/27097\/revisions\/30766"}],"wp:featuredmedia":[{"embeddable":true,"href":"https:\/\/www.unik-seo.com\/pt\/wp-json\/wp\/v2\/media\/27103"}],"wp:attachment":[{"href":"https:\/\/www.unik-seo.com\/pt\/wp-json\/wp\/v2\/media?parent=27097"}],"wp:term":[{"taxonomy":"category","embeddable":true,"href":"https:\/\/www.unik-seo.com\/pt\/wp-json\/wp\/v2\/categories?post=27097"},{"taxonomy":"post_tag","embeddable":true,"href":"https:\/\/www.unik-seo.com\/pt\/wp-json\/wp\/v2\/tags?post=27097"},{"taxonomy":"service","embeddable":true,"href":"https:\/\/www.unik-seo.com\/pt\/wp-json\/wp\/v2\/service?post=27097"}],"curies":[{"name":"wp","href":"https:\/\/api.w.org\/{rel}","templated":true}]}}