{"id":27080,"date":"2025-04-04T13:40:00","date_gmt":"2025-04-04T13:40:00","guid":{"rendered":"https:\/\/dev.unik-seo.com\/prestashop-seo\/"},"modified":"2025-09-17T17:59:30","modified_gmt":"2025-09-17T17:59:30","slug":"prestashop-seo","status":"publish","type":"page","link":"https:\/\/www.unik-seo.com\/pt\/prestashop-seo","title":{"rendered":"Prestashop SEO"},"content":{"rendered":"","protected":false},"excerpt":{"rendered":"<p>O Amazon SEO \u00e9 uma parte integrante de qualquer neg\u00f3cio que espera prosperar e expandir-se com a ajuda da Amazon como parceiro de vendas e distribui\u00e7\u00e3o. A Amazon ganha milh\u00f5es de d\u00f3lares na realiza\u00e7\u00e3o e envio de produtos com pequenas e m\u00e9dias empresas. Tornando-os uma parte integrante da listagem de produtos e vendas da tua empresa.  <\/p>\n","protected":false},"author":3,"featured_media":27087,"parent":0,"menu_order":0,"comment_status":"closed","ping_status":"closed","template":"","meta":{"_acf_changed":false,"footnotes":""},"categories":[145,146],"tags":[124],"service":[],"class_list":["post-27080","page","type-page","status-publish","has-post-thumbnail","hentry","category-servicos-seo","category-seo-por-cms","tag-b2b"],"acf":[],"aioseo_notices":[],"_links":{"self":[{"href":"https:\/\/www.unik-seo.com\/pt\/wp-json\/wp\/v2\/pages\/27080","targetHints":{"allow":["GET"]}}],"collection":[{"href":"https:\/\/www.unik-seo.com\/pt\/wp-json\/wp\/v2\/pages"}],"about":[{"href":"https:\/\/www.unik-seo.com\/pt\/wp-json\/wp\/v2\/types\/page"}],"author":[{"embeddable":true,"href":"https:\/\/www.unik-seo.com\/pt\/wp-json\/wp\/v2\/users\/3"}],"replies":[{"embeddable":true,"href":"https:\/\/www.unik-seo.com\/pt\/wp-json\/wp\/v2\/comments?post=27080"}],"version-history":[{"count":1,"href":"https:\/\/www.unik-seo.com\/pt\/wp-json\/wp\/v2\/pages\/27080\/revisions"}],"predecessor-version":[{"id":27088,"href":"https:\/\/www.unik-seo.com\/pt\/wp-json\/wp\/v2\/pages\/27080\/revisions\/27088"}],"wp:featuredmedia":[{"embeddable":true,"href":"https:\/\/www.unik-seo.com\/pt\/wp-json\/wp\/v2\/media\/27087"}],"wp:attachment":[{"href":"https:\/\/www.unik-seo.com\/pt\/wp-json\/wp\/v2\/media?parent=27080"}],"wp:term":[{"taxonomy":"category","embeddable":true,"href":"https:\/\/www.unik-seo.com\/pt\/wp-json\/wp\/v2\/categories?post=27080"},{"taxonomy":"post_tag","embeddable":true,"href":"https:\/\/www.unik-seo.com\/pt\/wp-json\/wp\/v2\/tags?post=27080"},{"taxonomy":"service","embeddable":true,"href":"https:\/\/www.unik-seo.com\/pt\/wp-json\/wp\/v2\/service?post=27080"}],"curies":[{"name":"wp","href":"https:\/\/api.w.org\/{rel}","templated":true}]}}