{"id":27075,"date":"2025-04-07T21:32:52","date_gmt":"2025-04-07T21:32:52","guid":{"rendered":"https:\/\/dev.unik-seo.com\/anuncios-do-google\/"},"modified":"2025-10-08T15:19:55","modified_gmt":"2025-10-08T15:19:55","slug":"google-ads","status":"publish","type":"page","link":"https:\/\/www.unik-seo.com\/pt\/google-ads","title":{"rendered":"Google Ads"},"content":{"rendered":"","protected":false},"excerpt":{"rendered":"<p>O Pay Per Click tem um impacto direto no teu tr\u00e1fego e d\u00e1 ao teu site uma exposi\u00e7\u00e3o muito maior, podendo estar no topo dos resultados org\u00e2nicos nos motores de busca.<\/p>\n","protected":false},"author":3,"featured_media":27078,"parent":0,"menu_order":0,"comment_status":"closed","ping_status":"closed","template":"","meta":{"_acf_changed":false,"footnotes":""},"categories":[143],"tags":[264,124],"service":[],"class_list":["post-27075","page","type-page","status-publish","has-post-thumbnail","hentry","category-ppc-pt","tag-ads","tag-b2b"],"acf":[],"aioseo_notices":[],"_links":{"self":[{"href":"https:\/\/www.unik-seo.com\/pt\/wp-json\/wp\/v2\/pages\/27075","targetHints":{"allow":["GET"]}}],"collection":[{"href":"https:\/\/www.unik-seo.com\/pt\/wp-json\/wp\/v2\/pages"}],"about":[{"href":"https:\/\/www.unik-seo.com\/pt\/wp-json\/wp\/v2\/types\/page"}],"author":[{"embeddable":true,"href":"https:\/\/www.unik-seo.com\/pt\/wp-json\/wp\/v2\/users\/3"}],"replies":[{"embeddable":true,"href":"https:\/\/www.unik-seo.com\/pt\/wp-json\/wp\/v2\/comments?post=27075"}],"version-history":[{"count":2,"href":"https:\/\/www.unik-seo.com\/pt\/wp-json\/wp\/v2\/pages\/27075\/revisions"}],"predecessor-version":[{"id":30760,"href":"https:\/\/www.unik-seo.com\/pt\/wp-json\/wp\/v2\/pages\/27075\/revisions\/30760"}],"wp:featuredmedia":[{"embeddable":true,"href":"https:\/\/www.unik-seo.com\/pt\/wp-json\/wp\/v2\/media\/27078"}],"wp:attachment":[{"href":"https:\/\/www.unik-seo.com\/pt\/wp-json\/wp\/v2\/media?parent=27075"}],"wp:term":[{"taxonomy":"category","embeddable":true,"href":"https:\/\/www.unik-seo.com\/pt\/wp-json\/wp\/v2\/categories?post=27075"},{"taxonomy":"post_tag","embeddable":true,"href":"https:\/\/www.unik-seo.com\/pt\/wp-json\/wp\/v2\/tags?post=27075"},{"taxonomy":"service","embeddable":true,"href":"https:\/\/www.unik-seo.com\/pt\/wp-json\/wp\/v2\/service?post=27075"}],"curies":[{"name":"wp","href":"https:\/\/api.w.org\/{rel}","templated":true}]}}