{"id":27064,"date":"2025-04-07T21:35:48","date_gmt":"2025-04-07T21:35:48","guid":{"rendered":"https:\/\/dev.unik-seo.com\/anuncios-para-adultos-com-programatica\/"},"modified":"2026-03-28T20:51:47","modified_gmt":"2026-03-28T20:51:47","slug":"ads-adult","status":"publish","type":"page","link":"https:\/\/www.unik-seo.com\/pt\/ads-adult","title":{"rendered":"An\u00fancios para adultos com program\u00e1tica"},"content":{"rendered":"","protected":false},"excerpt":{"rendered":"<p>Muito mais do que profissionais de marketing digital, a equipa da UniK SEO \u00e9 composta por profissionais experientes na publicidade da ind\u00fastria adulta via Programmatic, ajudando as marcas a quebrar barreiras, aumentar o tr\u00e1fego e escalar com precis\u00e3o cir\u00fargica.<\/p>\n","protected":false},"author":3,"featured_media":27069,"parent":0,"menu_order":0,"comment_status":"closed","ping_status":"closed","template":"","meta":{"_acf_changed":false,"footnotes":""},"categories":[143],"tags":[150],"service":[],"class_list":["post-27064","page","type-page","status-publish","has-post-thumbnail","hentry","category-ppc-pt","tag-adult"],"acf":[],"aioseo_notices":[],"_links":{"self":[{"href":"https:\/\/www.unik-seo.com\/pt\/wp-json\/wp\/v2\/pages\/27064","targetHints":{"allow":["GET"]}}],"collection":[{"href":"https:\/\/www.unik-seo.com\/pt\/wp-json\/wp\/v2\/pages"}],"about":[{"href":"https:\/\/www.unik-seo.com\/pt\/wp-json\/wp\/v2\/types\/page"}],"author":[{"embeddable":true,"href":"https:\/\/www.unik-seo.com\/pt\/wp-json\/wp\/v2\/users\/3"}],"replies":[{"embeddable":true,"href":"https:\/\/www.unik-seo.com\/pt\/wp-json\/wp\/v2\/comments?post=27064"}],"version-history":[{"count":3,"href":"https:\/\/www.unik-seo.com\/pt\/wp-json\/wp\/v2\/pages\/27064\/revisions"}],"predecessor-version":[{"id":31724,"href":"https:\/\/www.unik-seo.com\/pt\/wp-json\/wp\/v2\/pages\/27064\/revisions\/31724"}],"wp:featuredmedia":[{"embeddable":true,"href":"https:\/\/www.unik-seo.com\/pt\/wp-json\/wp\/v2\/media\/27069"}],"wp:attachment":[{"href":"https:\/\/www.unik-seo.com\/pt\/wp-json\/wp\/v2\/media?parent=27064"}],"wp:term":[{"taxonomy":"category","embeddable":true,"href":"https:\/\/www.unik-seo.com\/pt\/wp-json\/wp\/v2\/categories?post=27064"},{"taxonomy":"post_tag","embeddable":true,"href":"https:\/\/www.unik-seo.com\/pt\/wp-json\/wp\/v2\/tags?post=27064"},{"taxonomy":"service","embeddable":true,"href":"https:\/\/www.unik-seo.com\/pt\/wp-json\/wp\/v2\/service?post=27064"}],"curies":[{"name":"wp","href":"https:\/\/api.w.org\/{rel}","templated":true}]}}