{"id":27055,"date":"2025-04-07T21:38:27","date_gmt":"2025-04-07T21:38:27","guid":{"rendered":"https:\/\/dev.unik-seo.com\/agencia-de-anuncios-do-pinterest\/"},"modified":"2026-03-18T15:51:33","modified_gmt":"2026-03-18T15:51:33","slug":"anuncios-pinterest","status":"publish","type":"page","link":"https:\/\/www.unik-seo.com\/pt\/anuncios-pinterest","title":{"rendered":"An\u00fancios Pinterest"},"content":{"rendered":"","protected":false},"excerpt":{"rendered":"<p>Est\u00e1s \u00e0 procura de uma ag\u00eancia de an\u00fancios do Pinterest que compreenda as compras sociais? Na UniK SEO, transformamos Pins em lucros com an\u00fancios do Pinterest geridos por especialistas. Desde an\u00fancios de produtos e de compras at\u00e9 \u00e0 gera\u00e7\u00e3o de leads e formatos de pesquisa, ajudamos as marcas a chegarem aos compradores onde eles planeiam, pinam e compram.  <\/p>\n","protected":false},"author":3,"featured_media":27060,"parent":0,"menu_order":0,"comment_status":"closed","ping_status":"closed","template":"","meta":{"_acf_changed":false,"footnotes":""},"categories":[143],"tags":[264,121],"service":[],"class_list":["post-27055","page","type-page","status-publish","has-post-thumbnail","hentry","category-ppc-pt","tag-ads","tag-e-commerce"],"acf":[],"aioseo_notices":[],"_links":{"self":[{"href":"https:\/\/www.unik-seo.com\/pt\/wp-json\/wp\/v2\/pages\/27055","targetHints":{"allow":["GET"]}}],"collection":[{"href":"https:\/\/www.unik-seo.com\/pt\/wp-json\/wp\/v2\/pages"}],"about":[{"href":"https:\/\/www.unik-seo.com\/pt\/wp-json\/wp\/v2\/types\/page"}],"author":[{"embeddable":true,"href":"https:\/\/www.unik-seo.com\/pt\/wp-json\/wp\/v2\/users\/3"}],"replies":[{"embeddable":true,"href":"https:\/\/www.unik-seo.com\/pt\/wp-json\/wp\/v2\/comments?post=27055"}],"version-history":[{"count":4,"href":"https:\/\/www.unik-seo.com\/pt\/wp-json\/wp\/v2\/pages\/27055\/revisions"}],"predecessor-version":[{"id":30768,"href":"https:\/\/www.unik-seo.com\/pt\/wp-json\/wp\/v2\/pages\/27055\/revisions\/30768"}],"wp:featuredmedia":[{"embeddable":true,"href":"https:\/\/www.unik-seo.com\/pt\/wp-json\/wp\/v2\/media\/27060"}],"wp:attachment":[{"href":"https:\/\/www.unik-seo.com\/pt\/wp-json\/wp\/v2\/media?parent=27055"}],"wp:term":[{"taxonomy":"category","embeddable":true,"href":"https:\/\/www.unik-seo.com\/pt\/wp-json\/wp\/v2\/categories?post=27055"},{"taxonomy":"post_tag","embeddable":true,"href":"https:\/\/www.unik-seo.com\/pt\/wp-json\/wp\/v2\/tags?post=27055"},{"taxonomy":"service","embeddable":true,"href":"https:\/\/www.unik-seo.com\/pt\/wp-json\/wp\/v2\/service?post=27055"}],"curies":[{"name":"wp","href":"https:\/\/api.w.org\/{rel}","templated":true}]}}