{"id":27048,"date":"2025-04-07T21:42:41","date_gmt":"2025-04-07T21:42:41","guid":{"rendered":"https:\/\/dev.unik-seo.com\/servicos-de-marketing-nas-redes-sociais\/"},"modified":"2025-10-27T11:57:31","modified_gmt":"2025-10-27T11:57:31","slug":"redes-sociais","status":"publish","type":"page","link":"https:\/\/www.unik-seo.com\/pt\/redes-sociais","title":{"rendered":"Marketing nas redes sociais"},"content":{"rendered":"","protected":false},"excerpt":{"rendered":"<p>Na UniK SEO, os nossos servi\u00e7os arrojados de marketing nas redes sociais s\u00e3o a sua equipa pessoal de promo\u00e7\u00e3o, equipa de destaque e equipa de estrat\u00e9gia, tudo em um. N\u00e3o ajudamos apenas a publicar \u2014 ajudamos a ARRASAR.<x id=\"gid_0\"><\/x>A sua marca est\u00e1 prestes a ficar famosa no Instagram. Ponto final.  <\/p>\n","protected":false},"author":3,"featured_media":27053,"parent":0,"menu_order":0,"comment_status":"closed","ping_status":"closed","template":"","meta":{"_acf_changed":false,"footnotes":""},"categories":[139],"tags":[124,261],"service":[],"class_list":["post-27048","page","type-page","status-publish","has-post-thumbnail","hentry","category-social-e-dados","tag-b2b","tag-social-media"],"acf":[],"aioseo_notices":[],"_links":{"self":[{"href":"https:\/\/www.unik-seo.com\/pt\/wp-json\/wp\/v2\/pages\/27048","targetHints":{"allow":["GET"]}}],"collection":[{"href":"https:\/\/www.unik-seo.com\/pt\/wp-json\/wp\/v2\/pages"}],"about":[{"href":"https:\/\/www.unik-seo.com\/pt\/wp-json\/wp\/v2\/types\/page"}],"author":[{"embeddable":true,"href":"https:\/\/www.unik-seo.com\/pt\/wp-json\/wp\/v2\/users\/3"}],"replies":[{"embeddable":true,"href":"https:\/\/www.unik-seo.com\/pt\/wp-json\/wp\/v2\/comments?post=27048"}],"version-history":[{"count":3,"href":"https:\/\/www.unik-seo.com\/pt\/wp-json\/wp\/v2\/pages\/27048\/revisions"}],"predecessor-version":[{"id":31459,"href":"https:\/\/www.unik-seo.com\/pt\/wp-json\/wp\/v2\/pages\/27048\/revisions\/31459"}],"wp:featuredmedia":[{"embeddable":true,"href":"https:\/\/www.unik-seo.com\/pt\/wp-json\/wp\/v2\/media\/27053"}],"wp:attachment":[{"href":"https:\/\/www.unik-seo.com\/pt\/wp-json\/wp\/v2\/media?parent=27048"}],"wp:term":[{"taxonomy":"category","embeddable":true,"href":"https:\/\/www.unik-seo.com\/pt\/wp-json\/wp\/v2\/categories?post=27048"},{"taxonomy":"post_tag","embeddable":true,"href":"https:\/\/www.unik-seo.com\/pt\/wp-json\/wp\/v2\/tags?post=27048"},{"taxonomy":"service","embeddable":true,"href":"https:\/\/www.unik-seo.com\/pt\/wp-json\/wp\/v2\/service?post=27048"}],"curies":[{"name":"wp","href":"https:\/\/api.w.org\/{rel}","templated":true}]}}