{"id":27028,"date":"2025-04-04T13:34:18","date_gmt":"2025-04-04T13:34:18","guid":{"rendered":"https:\/\/dev.unik-seo.com\/servicos-de-seo-da-shopify\/"},"modified":"2025-09-29T16:10:17","modified_gmt":"2025-09-29T16:10:17","slug":"seo-para-shopify","status":"publish","type":"page","link":"https:\/\/www.unik-seo.com\/pt\/seo-para-shopify","title":{"rendered":"SEO da Shopify"},"content":{"rendered":"","protected":false},"excerpt":{"rendered":"<p>Administrar uma loja da Shopify n\u00e3o se trata apenas de estocar \u00f3timos produtos e lan\u00e7ar uma vitrine elegante &#8211; trata-se de ser encontrado. Com milh\u00f5es de sites do Shopify por a\u00ed, o verdadeiro desafio \u00e9 destacar-se na pesquisa. \u00c9 a\u00ed que entram os servi\u00e7os de SEO para Shopify da UniK SEO.  <\/p>\n","protected":false},"author":3,"featured_media":27033,"parent":0,"menu_order":0,"comment_status":"closed","ping_status":"closed","template":"","meta":{"_acf_changed":false,"footnotes":""},"categories":[145,146],"tags":[121],"service":[],"class_list":["post-27028","page","type-page","status-publish","has-post-thumbnail","hentry","category-servicos-seo","category-seo-por-cms","tag-e-commerce"],"acf":[],"aioseo_notices":[],"_links":{"self":[{"href":"https:\/\/www.unik-seo.com\/pt\/wp-json\/wp\/v2\/pages\/27028","targetHints":{"allow":["GET"]}}],"collection":[{"href":"https:\/\/www.unik-seo.com\/pt\/wp-json\/wp\/v2\/pages"}],"about":[{"href":"https:\/\/www.unik-seo.com\/pt\/wp-json\/wp\/v2\/types\/page"}],"author":[{"embeddable":true,"href":"https:\/\/www.unik-seo.com\/pt\/wp-json\/wp\/v2\/users\/3"}],"replies":[{"embeddable":true,"href":"https:\/\/www.unik-seo.com\/pt\/wp-json\/wp\/v2\/comments?post=27028"}],"version-history":[{"count":3,"href":"https:\/\/www.unik-seo.com\/pt\/wp-json\/wp\/v2\/pages\/27028\/revisions"}],"predecessor-version":[{"id":30600,"href":"https:\/\/www.unik-seo.com\/pt\/wp-json\/wp\/v2\/pages\/27028\/revisions\/30600"}],"wp:featuredmedia":[{"embeddable":true,"href":"https:\/\/www.unik-seo.com\/pt\/wp-json\/wp\/v2\/media\/27033"}],"wp:attachment":[{"href":"https:\/\/www.unik-seo.com\/pt\/wp-json\/wp\/v2\/media?parent=27028"}],"wp:term":[{"taxonomy":"category","embeddable":true,"href":"https:\/\/www.unik-seo.com\/pt\/wp-json\/wp\/v2\/categories?post=27028"},{"taxonomy":"post_tag","embeddable":true,"href":"https:\/\/www.unik-seo.com\/pt\/wp-json\/wp\/v2\/tags?post=27028"},{"taxonomy":"service","embeddable":true,"href":"https:\/\/www.unik-seo.com\/pt\/wp-json\/wp\/v2\/service?post=27028"}],"curies":[{"name":"wp","href":"https:\/\/api.w.org\/{rel}","templated":true}]}}