{"id":27022,"date":"2025-04-08T17:27:17","date_gmt":"2025-04-08T17:27:17","guid":{"rendered":"https:\/\/dev.unik-seo.com\/termos-e-condicoes\/"},"modified":"2025-09-11T08:58:01","modified_gmt":"2025-09-11T08:58:01","slug":"termos-e-condicoes","status":"publish","type":"page","link":"https:\/\/www.unik-seo.com\/pt\/termos-e-condicoes","title":{"rendered":"Termos e condi\u00e7\u00f5es"},"content":{"rendered":"\n<h2 class=\"wp-block-heading\">Informa\u00e7\u00e3o jur\u00eddica<\/h2>\n\n<h2 class=\"wp-block-heading\">1. Apresenta\u00e7\u00e3o do s\u00edtio<\/h2>\n\n<p>Em conformidade com o artigo 6.\u00ba da Lei n.\u00ba 2004-575, de 21 de junho de 2004, relativa \u00e0 confian\u00e7a na economia digital, os utilizadores do s\u00edtio www.unik-seo.com s\u00e3o informados da identidade dos diferentes intervenientes na sua cria\u00e7\u00e3o e acompanhamento:<\/p>\n\n<ul class=\"wp-block-list\">\n<li><strong>Propriet\u00e1rio: <\/strong>Pragmatikexpert Lda. &#8211; 514064820 &#8211; UniK SEO &#8211; Avenida do Forte, 8, Fra\u00e7\u00e3o O1. 2790-072 Carnaxide. Portugal   <\/li>\n\n\n\n<li><strong>Criador: <\/strong><a href=\"https:\/\/www.unik-seo.com\/\" title=\"\">UniK SEO<\/a><\/li>\n\n\n\n<li><strong>Respons\u00e1vel pela publica\u00e7\u00e3o:<\/strong> Gr\u00e9goire Lacan &#8211; <a href=\"mailto:info@unik-seo.com\">info@unik-seo.com<\/a><\/li>\n\n\n\n<li>O respons\u00e1vel pela publica\u00e7\u00e3o \u00e9 uma pessoa singular ou colectiva.<\/li>\n\n\n\n<li><strong>Mestre do site:<\/strong> Gr\u00e9goire Lacan &#8211; <a href=\"mailto:info@unik-seo.com\">info@unik-seo.com<\/a><\/li>\n\n\n\n<li><strong>Hospeda: <\/strong>UniK SEO &#8211; Avenida do Forte, 8, Fra\u00e7\u00e3o O1. 2790-072 Carnaxide. Portugal  <\/li>\n<\/ul>\n\n<h2 class=\"wp-block-heading\">2. Condi\u00e7\u00f5es gerais de utiliza\u00e7\u00e3o do s\u00edtio e dos servi\u00e7os oferecidos<\/h2>\n\n<p>A utiliza\u00e7\u00e3o do s\u00edtio <a href=\"http:\/\/www.unik-seo.com\" title=\"www.unik-seo.com\">www.unik-seo.com<\/a> implica a plena aceita\u00e7\u00e3o das condi\u00e7\u00f5es gerais de utiliza\u00e7\u00e3o abaixo descritas. Estas condi\u00e7\u00f5es de utiliza\u00e7\u00e3o podem ser alteradas ou complementadas a qualquer momento, pelo que se aconselha os utilizadores do site www.unik-seo.com a consult\u00e1-las regularmente. <\/p>\n\n<p>Este site est\u00e1 normalmente acess\u00edvel aos utilizadores a todo o momento. No entanto, a Pragmatikexpert Lda. pode decidir interromper o site para fins de manuten\u00e7\u00e3o t\u00e9cnica e esfor\u00e7ar-se-\u00e1 por informar antecipadamente os utilizadores das datas e horas da interven\u00e7\u00e3o.  <\/p>\n\n<p>O site <a href=\"http:\/\/www.unik-seo.com\" title=\"\">Pragmatikexpert Lda<\/a>.<\/p>\n\n<p>O site <a href=\"http:\/\/www.unik-seo.com\" title=\"\">www.unik-seo.com<\/a> \u00e9 regularmente atualizado por Gr\u00e9goire Lacan. Da mesma forma, os avisos legais podem ser modificados a qualquer momento: s\u00e3o, no entanto, vinculativos para o utilizador, que \u00e9 convidado a consult\u00e1-los com a maior frequ\u00eancia poss\u00edvel para deles tomar conhecimento. <\/p>\n\n<h2 class=\"wp-block-heading\">3. Descri\u00e7\u00e3o dos servi\u00e7os prestados<\/h2>\n\n<p>O objetivo do s\u00edtio Web <a href=\"https:\/\/www.unik-seo.com\/\" title=\"\">www.unik-seo.com<\/a> \u00e9 fornecer informa\u00e7\u00f5es sobre todas as actividades da empresa.<\/p>\n\n<ol start=\"3\" class=\"wp-block-list\">\n<li><\/li>\n<\/ol>\n\n<p>A Pragmatikexpert Lda. esfor\u00e7a-se por fornecer informa\u00e7\u00f5es no site <a href=\"https:\/\/www.unik-seo.com\/\" title=\"\">www.unik-seo.com<\/a> que sejam t\u00e3o exactas quanto poss\u00edvel. No entanto, n\u00e3o pode ser responsabilizada por omiss\u00f5es, imprecis\u00f5es e falhas de atualiza\u00e7\u00e3o, quer sejam causadas por ela pr\u00f3pria ou por terceiros parceiros que forne\u00e7am estas informa\u00e7\u00f5es.  <\/p>\n\n<p>Todas as informa\u00e7\u00f5es indicadas no s\u00edtio <a href=\"https:\/\/www.unik-seo.com\/\" title=\"\">www.unik-seo.com<\/a> s\u00e3o fornecidas a t\u00edtulo indicativo e podem sofrer altera\u00e7\u00f5es. Al\u00e9m disso, as informa\u00e7\u00f5es do s\u00edtio <a href=\"https:\/\/www.unik-seo.com\/\" title=\"\">www.unik-seo.com<\/a> n\u00e3o s\u00e3o exaustivas. S\u00e3o fornecidas sob reserva de altera\u00e7\u00f5es efectuadas desde a sua coloca\u00e7\u00e3o em linha.  <\/p>\n\n<h2 class=\"wp-block-heading\">4. Limita\u00e7\u00f5es contratuais relativas aos dados t\u00e9cnicos<\/h2>\n\n<p>O s\u00edtio Web utiliza a tecnologia JavaScript.<\/p>\n\n<p>O s\u00edtio n\u00e3o pode ser responsabilizado por quaisquer danos materiais relacionados com a utiliza\u00e7\u00e3o do s\u00edtio. Al\u00e9m disso, o utilizador do s\u00edtio compromete-se a aceder ao s\u00edtio utilizando um equipamento recente, isento de v\u00edrus e com um programa de navega\u00e7\u00e3o atualizado de \u00faltima gera\u00e7\u00e3o. <\/p>\n\n<h2 class=\"wp-block-heading\">5. Propriedade intelectual e contrafa\u00e7\u00e3o<\/h2>\n\n<p>A Pragmatikexpert Lda. \u00e9 a propriet\u00e1ria dos direitos de propriedade intelectual ou det\u00e9m os direitos de utiliza\u00e7\u00e3o de todos os elementos acess\u00edveis no site, incluindo textos, imagens, gr\u00e1ficos, log\u00f3tipos, \u00edcones, sons, software. <\/p>\n\n<p>Qualquer reprodu\u00e7\u00e3o, representa\u00e7\u00e3o, modifica\u00e7\u00e3o, publica\u00e7\u00e3o, adapta\u00e7\u00e3o de todos ou parte dos elementos do site, qualquer que seja o meio ou processo utilizado, \u00e9 proibida, exceto com a autoriza\u00e7\u00e3o pr\u00e9via por escrito da : Pragmatikexpert Lda.<\/p>\n\n<p>Qualquer explora\u00e7\u00e3o n\u00e3o autorizada do s\u00edtio ou de qualquer dos elementos nele contidos ser\u00e1 considerada como constituindo uma infra\u00e7\u00e3o e processada em conformidade com as disposi\u00e7\u00f5es dos artigos L.335-2 e seguintes do C\u00f3digo da Propriedade Intelectual. <\/p>\n\n<h2 class=\"wp-block-heading\">6. Limita\u00e7\u00f5es da responsabilidade<\/h2>\n\n<p>A Pragmatikexpert Lda. n\u00e3o se responsabiliza por danos diretos e indirectos causados ao equipamento do utilizador, ao aceder ao site www.unik-seo.com, e que resultem quer da utiliza\u00e7\u00e3o de equipamento que n\u00e3o cumpra as especifica\u00e7\u00f5es indicadas no ponto 4, quer do aparecimento de um bug ou incompatibilidade. <\/p>\n\n<p>A Pragmatikexpert Lda. tamb\u00e9m n\u00e3o ser\u00e1 respons\u00e1vel por danos indirectos (tais como perda de mercado ou perda de oportunidade) resultantes da utiliza\u00e7\u00e3o do <a href=\"https:\/\/www.unik-seo.com\/\" title=\"\">website www.unik-seo.com.<\/a>  <\/p>\n\n<p>\u00c1reas interactivas (possibilidade de colocar quest\u00f5es na \u00e1rea de contacto) est\u00e3o dispon\u00edveis para os utilizadores. A Pragmatikexpert Lda. reserva-se o direito de eliminar, sem aviso pr\u00e9vio, qualquer conte\u00fado colocado nesta \u00e1rea que viole a legisla\u00e7\u00e3o aplic\u00e1vel em Fran\u00e7a, em particular as disposi\u00e7\u00f5es relativas \u00e0 prote\u00e7\u00e3o de dados. Se necess\u00e1rio, Pragmatikexpert Lda. reserva-se igualmente o direito de responsabilizar o utilizador por qualquer responsabilidade civil e\/ou penal, nomeadamente no caso de mensagens de car\u00e1cter racista, injurioso, difamat\u00f3rio ou pornogr\u00e1fico, qualquer que seja o suporte utilizado (texto, fotografias, etc.).    <\/p>\n\n<h2 class=\"wp-block-heading\">7. Gest\u00e3o dos dados pessoais<\/h2>\n\n<p>Em Fran\u00e7a, os dados pessoais s\u00e3o protegidos, nomeadamente, pela Lei n.\u00ba 78-87 de 6 de janeiro de 1978, pela Lei n.\u00ba 2004-801 de 6 de agosto de 2004, pelo artigo L. 226-13 do C\u00f3digo Penal e pela Diretiva Europeia de 24 de outubro de 1995.<\/p>\n\n<p>Ao utilizar o s\u00edtio www.unik-seo.com, podem ser recolhidos os seguintes elementos: o URL das liga\u00e7\u00f5es atrav\u00e9s das quais o utilizador acedeu ao s\u00edtio <a href=\"https:\/\/www.unik-seo.com\/\" title=\"\">www.unik-seo.com<\/a>, o fornecedor de acesso do utilizador, o endere\u00e7o de protocolo Internet (IP) do utilizador.<\/p>\n\n<p>Em qualquer caso, a Pragmatikexpert Lda. apenas recolhe informa\u00e7\u00f5es pessoais relativas ao utilizador para efeitos de determinados servi\u00e7os oferecidos pelo <a href=\"https:\/\/www.unik-seo.com\/\" title=\"\">site www.unik-seo.com.<\/a> O utilizador fornece estas informa\u00e7\u00f5es com pleno conhecimento dos factos, em particular quando ele pr\u00f3prio as introduz. O utilizador do site <a href=\"https:\/\/www.unik-seo.com\/\" title=\"\">www.unik-seo.com<\/a> \u00e9 ent\u00e3o informado se \u00e9 ou n\u00e3o obrigado a fornecer estas informa\u00e7\u00f5es.   <\/p>\n\n<p>Em conformidade com o disposto nos artigos 38\u00ba e seguintes da Lei 78-17, de 6 de janeiro de 1978, relativa \u00e0 inform\u00e1tica, aos ficheiros e \u00e0s liberdades, qualquer utilizador tem o direito de aceder, retificar e opor-se aos dados pessoais que lhe digam respeito, mediante pedido escrito e assinado, acompanhado de uma c\u00f3pia do documento de identifica\u00e7\u00e3o com a assinatura do titular do documento, especificando o endere\u00e7o para onde deve ser enviada a resposta.<\/p>\n\n<p>Nenhuma informa\u00e7\u00e3o pessoal do utilizador do site <a href=\"https:\/\/www.unik-seo.com\/\" title=\"\">www.unik-seo.com<\/a> \u00e9 publicada sem o conhecimento do utilizador, trocada, transferida, cedida ou vendida por qualquer meio a terceiros. Apenas o pressuposto da recompra da Pragmatikexpert Lda. e dos seus direitos permitiria a transmiss\u00e3o das referidas informa\u00e7\u00f5es ao eventual comprador que, por sua vez, estaria vinculado \u00e0 mesma obriga\u00e7\u00e3o de conserva\u00e7\u00e3o e modifica\u00e7\u00e3o dos dados em rela\u00e7\u00e3o ao utilizador do site <a href=\"https:\/\/www.unik-seo.com\/\" title=\"\">www.unik-seo.com.<\/a>  <\/p>\n\n<p>As bases de dados s\u00e3o protegidas pelas disposi\u00e7\u00f5es da lei de 1 de julho de 1998 que transp\u00f5e a Diretiva 96\/9 de 11 de mar\u00e7o de 1996 relativa \u00e0 prote\u00e7\u00e3o jur\u00eddica das bases de dados.<\/p>\n\n<h2 class=\"wp-block-heading\">8. Liga\u00e7\u00f5es de hipertexto e cookies<\/h2>\n\n<p>O site <a href=\"https:\/\/www.unik-seo.com\/\" title=\"\">www.unik-seo.com<\/a> cont\u00e9m uma s\u00e9rie de hiperliga\u00e7\u00f5es para outros sites, criados com a permiss\u00e3o da Pragmatikexpert Lda. No entanto, a Pragmatikexpert Lda. n\u00e3o tem a possibilidade de verificar o conte\u00fado dos sites assim visitados e, consequentemente, n\u00e3o assumir\u00e1 qualquer responsabilidade por isso.<\/p>\n\n<p>A navega\u00e7\u00e3o no site <a href=\"https:\/\/www.unik-seo.com\/\" title=\"\">www.unik-seo.com<\/a> \u00e9 suscet\u00edvel de provocar a instala\u00e7\u00e3o de cookie(s) no computador do utilizador. Um cookie \u00e9 um pequeno ficheiro que n\u00e3o permite identificar o utilizador, mas que regista informa\u00e7\u00f5es relativas \u00e0 navega\u00e7\u00e3o de um computador num s\u00edtio. Os dados assim obtidos destinam-se a facilitar a navega\u00e7\u00e3o posterior no s\u00edtio, bem como a permitir diversas medidas de frequ\u00eancia.  <\/p>\n\n<p>A recusa da instala\u00e7\u00e3o de um cookie pode impossibilitar o acesso a determinados servi\u00e7os. No entanto, o utilizador pode configurar o seu computador da seguinte forma, para recusar a instala\u00e7\u00e3o de cookies: <\/p>\n\n<p>No Internet Explorer: o utilizador pode configurar o seu computador da seguinte forma<\/p>\n\n<p>No Internet Explorer: separador de ferramentas (pictograma em forma de engrenagem no canto superior direito) \/ op\u00e7\u00f5es de Internet. Clica em Privacidade e escolhe Bloquear todos os cookies. Valida em Ok.  <\/p>\n\n<p>No Firefox: na parte superior da janela do browser, clica no bot\u00e3o Firefox e, em seguida, vai para o separador Op\u00e7\u00f5es. Clica no separador Privacidade.<br\/>Define as Regras de reten\u00e7\u00e3o para: utilizar defini\u00e7\u00f5es personalizadas para o hist\u00f3rico. Por fim, desmarca a op\u00e7\u00e3o para desativar os cookies.  <\/p>\n\n<p>No Safari: Clica no \u00edcone do menu (simbolizado por uma engrenagem) no canto superior direito do browser. Seleciona Defini\u00e7\u00f5es. Clica em Mostrar defini\u00e7\u00f5es avan\u00e7adas. Na sec\u00e7\u00e3o &#8220;Privacidade&#8221;, clica em Defini\u00e7\u00f5es de conte\u00fado. Na sec\u00e7\u00e3o &#8220;Cookies&#8221;, podes bloquear os cookies.    <\/p>\n\n<p>No Chrome: Clica no \u00edcone de menu (simbolizado por tr\u00eas linhas horizontais) no canto superior direito do navegador. Seleciona Defini\u00e7\u00f5es. Clica em Mostrar defini\u00e7\u00f5es avan\u00e7adas. Na sec\u00e7\u00e3o &#8220;Privacidade&#8221;, clica em prefer\u00eancias. No separador &#8220;Privacidade&#8221;, podes bloquear os cookies.    <\/p>\n\n<h2 class=\"wp-block-heading\">9. Direito aplic\u00e1vel e jurisdi\u00e7\u00e3o<\/h2>\n\n<p>Qualquer lit\u00edgio relacionado com a utiliza\u00e7\u00e3o do site <a href=\"https:\/\/www.unik-seo.com\/\" title=\"\">www.unik-seo.com<\/a> est\u00e1 sujeito \u00e0 lei portuguesa. Atribui-se compet\u00eancia exclusiva aos tribunais competentes de Oeiras. <\/p>\n\n<p>Todos os lit\u00edgios relacionados com a utiliza\u00e7\u00e3o do site est\u00e3o sujeitos \u00e0 lei portuguesa.<\/p>\n\n<h2 class=\"wp-block-heading\">10. As principais leis em causa<\/h2>\n\n<p>Lei n.\u00ba 78-17, de 6 de janeiro de 1978, nomeadamente com a reda\u00e7\u00e3o que lhe foi dada pela Lei n.\u00ba 2004-801, de 6 de agosto de 2004, relativa \u00e0s tecnologias da informa\u00e7\u00e3o, aos ficheiros e \u00e0s liberdades.<\/p>\n\n<p>Lei n.\u00ba 2004-575, de 21 de junho de 2004, relativa \u00e0 confian\u00e7a na economia digital.<\/p>\n\n<h2 class=\"wp-block-heading\">11. L\u00e9xico<\/h2>\n\n<p>Utilizador: utilizador da Internet que se liga e utiliza o s\u00edtio acima referido.<\/p>\n\n<p>Informa\u00e7\u00f5es pessoais: &#8220;informa\u00e7\u00f5es que permitem, sob qualquer forma, diretamente ou n\u00e3o, a identifica\u00e7\u00e3o das pessoas singulares a que se aplicam&#8221; (artigo 4.\u00ba da lei n.\u00ba 78-17 de 6 de janeiro de 1978).<\/p>\n\n<p><\/p>\n","protected":false},"excerpt":{"rendered":"<p>Se n\u00e3o concordares com os nossos Termos e Condi\u00e7\u00f5es, n\u00e3o deves continuar a preencher o formul\u00e1rio de contacto no nosso site, nem deves subscrever a nossa Newsletter ou assinar os nossos servi\u00e7os.<\/p>\n","protected":false},"author":3,"featured_media":0,"parent":0,"menu_order":0,"comment_status":"closed","ping_status":"closed","template":"","meta":{"_acf_changed":false,"footnotes":""},"categories":[],"tags":[],"service":[],"class_list":["post-27022","page","type-page","status-publish","hentry"],"acf":[],"aioseo_notices":[],"_links":{"self":[{"href":"https:\/\/www.unik-seo.com\/pt\/wp-json\/wp\/v2\/pages\/27022","targetHints":{"allow":["GET"]}}],"collection":[{"href":"https:\/\/www.unik-seo.com\/pt\/wp-json\/wp\/v2\/pages"}],"about":[{"href":"https:\/\/www.unik-seo.com\/pt\/wp-json\/wp\/v2\/types\/page"}],"author":[{"embeddable":true,"href":"https:\/\/www.unik-seo.com\/pt\/wp-json\/wp\/v2\/users\/3"}],"replies":[{"embeddable":true,"href":"https:\/\/www.unik-seo.com\/pt\/wp-json\/wp\/v2\/comments?post=27022"}],"version-history":[{"count":2,"href":"https:\/\/www.unik-seo.com\/pt\/wp-json\/wp\/v2\/pages\/27022\/revisions"}],"predecessor-version":[{"id":27024,"href":"https:\/\/www.unik-seo.com\/pt\/wp-json\/wp\/v2\/pages\/27022\/revisions\/27024"}],"wp:attachment":[{"href":"https:\/\/www.unik-seo.com\/pt\/wp-json\/wp\/v2\/media?parent=27022"}],"wp:term":[{"taxonomy":"category","embeddable":true,"href":"https:\/\/www.unik-seo.com\/pt\/wp-json\/wp\/v2\/categories?post=27022"},{"taxonomy":"post_tag","embeddable":true,"href":"https:\/\/www.unik-seo.com\/pt\/wp-json\/wp\/v2\/tags?post=27022"},{"taxonomy":"service","embeddable":true,"href":"https:\/\/www.unik-seo.com\/pt\/wp-json\/wp\/v2\/service?post=27022"}],"curies":[{"name":"wp","href":"https:\/\/api.w.org\/{rel}","templated":true}]}}