{"id":27016,"date":"2025-04-08T17:01:07","date_gmt":"2025-04-08T17:01:07","guid":{"rendered":"https:\/\/dev.unik-seo.com\/politica-de-privacidade\/"},"modified":"2025-09-11T08:57:57","modified_gmt":"2025-09-11T08:57:57","slug":"politica-de-privacidade","status":"publish","type":"page","link":"https:\/\/www.unik-seo.com\/pt\/politica-de-privacidade","title":{"rendered":"Pol\u00edtica de privacidade"},"content":{"rendered":"\n<h2 class=\"wp-block-heading\">QUEM SOMOS?<\/h2>\n\n<p>Em conformidade com o Regulamento (UE) 2016\/679 DO PARLAMENTO EUROPEU E DO CONSELHO, de 27 de abril de 2016, relativo \u00e0 prote\u00e7\u00e3o das pessoas singulares no que diz respeito ao tratamento de dados pessoais e \u00e0 livre circula\u00e7\u00e3o desses dados, informamos que a UniK SEO \u00e9 uma marca registada da Pragmatikexpert LDA, sociedade an\u00f3nima, com sede na Av. Do Forte Fraction O1, n.\u00ba 8, 2790-072 Carnaxide, Portugal. Do Forte Fraction O1, n\u00ba 8, 2790-072 Carnaxide, Portugal, registada na Conservat\u00f3ria do Registo Comercial, sob o n\u00famero \u00fanico de matr\u00edcula e pessoa colectiva 514064820 denominada &#8220;UNIK SEO&#8221;, que actua na \u00e1rea do Marketing Digital. <\/p>\n\n<h2 class=\"wp-block-heading\">QUEM \u00c9 RESPONS\u00c1VEL PELO TRATAMENTO DOS DADOS?<\/h2>\n\n<p>A entidade respons\u00e1vel pelo tratamento dos dados pessoais \u00e9 a UniK SEO. Decide quais os dados recolhidos, os meios de tratamento dos dados e as finalidades para que s\u00e3o utilizados. <\/p>\n\n<h2 class=\"wp-block-heading\">PORQU\u00ca UMA POL\u00cdTICA DE PRIVACIDADE?<\/h2>\n\n<p>Porque a UniK SEO est\u00e1 empenhada em proteger a privacidade dos seus Utilizadores, e neste contexto, desenvolveu a presente Pol\u00edtica de Privacidade com o objetivo de demonstrar o seu compromisso e respeito para com as regras de privacidade e de prote\u00e7\u00e3o de dados pessoais. Caso n\u00e3o concordes com a nossa Pol\u00edtica de Privacidade, n\u00e3o deves prosseguir com o preenchimento do formul\u00e1rio de contacto no nosso site, nem deves subscrever a nossa Newsletter. <\/p>\n\n<h2 class=\"wp-block-heading\">O QUE \u00c9 ABRANGIDO POR ESTA POL\u00cdTICA DE PRIVACIDADE?<\/h2>\n\n<p>A presente Pol\u00edtica de Privacidade aplica-se exclusivamente \u00e0 recolha e tratamento de dados pessoais efectuados pela UniK SEO no \u00e2mbito da sua atividade.<\/p>\n\n<h2 class=\"wp-block-heading\">QUE TIPO DE DADOS PESSOAIS S\u00c3O RECOLHIDOS E COMO \u00c9 QUE OS RECOLHEMOS?<\/h2>\n\n<p>A UniK SEO recolhe dados pessoais que s\u00e3o sempre fornecidos pelo Utilizador aquando do preenchimento dos respectivos formul\u00e1rios. Os dados recolhidos s\u00e3o os adequados, pertinentes e n\u00e3o excessivos em rela\u00e7\u00e3o ao \u00e2mbito, finalidades e servi\u00e7os espec\u00edficos, expl\u00edcitos e leg\u00edtimos da UniK SEO. Neste caso, os dados recolhidos s\u00e3o os que constam neste site: Nome, E-Mail, N\u00famero de Telefone, Website.  <\/p>\n\n<h2 class=\"wp-block-heading\">PARA QUE S\u00c3O UTILIZADOS OS TEUS DADOS?<\/h2>\n\n<p>Os dados fornecidos pelo Utilizador ser\u00e3o utilizados pela UniK SEO para enviar mais informa\u00e7\u00f5es, via email, sobre a sua forma\u00e7\u00e3o ou sobre Iniciativas e Produtos\/Servi\u00e7os da UNIK SEO.<\/p>\n\n<h2 class=\"wp-block-heading\">DURANTE QUANTO TEMPO CONSERVAMOS ESTES DADOS?<\/h2>\n\n<p>Os dados ser\u00e3o conservados at\u00e9 que o utilizador os queira apagar.<\/p>\n\n<h2 class=\"wp-block-heading\">COMO EXERCER O DIREITO DE ACESSO, RECONHECIMENTO E CANCELAMENTO DOS DADOS?<\/h2>\n\n<p>O Utilizador pode exercer os seus direitos de acesso, retifica\u00e7\u00e3o e cancelamento dos seus dados pessoais. O exerc\u00edcio deste direito pode ser feito por correio eletr\u00f3nico para<a href=\"mailto:info@unik-seo.com\" title=\"\"> info@unik-seo.com.<\/a> <\/p>\n\n<h2 class=\"wp-block-heading\">COMO TE OP\u00d5ES A RECEBER CONTACTOS PARA FINS DE MARKETING?<\/h2>\n\n<p>Se n\u00e3o pretenderes receber estas comunica\u00e7\u00f5es, podes, a qualquer momento, opor-te \u00e0 utiliza\u00e7\u00e3o dos teus dados para fins de marketing, enviando um e-mail para <a href=\"mailto:info@unik-seo.com\">info@unik-seo.com.<\/a><\/p>\n\n<h2 class=\"wp-block-heading\">COMO \u00c9 GARANTIDA A SEGURAN\u00c7A DOS TEUS DADOS PESSOAIS?<\/h2>\n\n<p>Os dados pessoais fornecidos pelos Utilizadores ser\u00e3o incorporados num ficheiro automatizado de acordo com os termos e condi\u00e7\u00f5es estabelecidos na referida Lei 2016\/679, de 27 de abril. A UniK SEO respeita as melhores pr\u00e1ticas no dom\u00ednio da seguran\u00e7a e da prote\u00e7\u00e3o dos dados pessoais, dispondo para o efeito de um sistema que garante a seguran\u00e7a, a confidencialidade dos teus dados pessoais, bem como a privacidade das comunica\u00e7\u00f5es eletr\u00f3nicas. A pol\u00edtica de seguran\u00e7a de recolha e armazenamento de dados da UniK SEO prev\u00ea, para al\u00e9m de outros aspectos, um elevado investimento em infra-estruturas tecnol\u00f3gicas que impedem o acesso aos dados pessoais por pessoas n\u00e3o autorizadas. S\u00e3o tomadas todas as medidas de seguran\u00e7a que a UniK SEO entende serem indispens\u00e1veis \u00e0 prote\u00e7\u00e3o dos teus dados pessoais. No entanto, a UniK SEO alerta os utilizadores para a necessidade de tomarem medidas adicionais de seguran\u00e7a, nomeadamente, assegurarem a utiliza\u00e7\u00e3o de um browser atualizado em termos de patches de seguran\u00e7a devidamente configurados, com firewall ativa, antiv\u00edrus e anti-spyware, e certificarem-se da autenticidade dos sites que visitam na internet, devendo evitar sites em cuja reputa\u00e7\u00e3o n\u00e3o confiem.    <\/p>\n\n<h2 class=\"wp-block-heading\">PROTEC\u00c7\u00c3O CONTRA SPAM<\/h2>\n\n<p>Spamming \u00e9 o envio indiferenciado de e-mails a desconhecidos. A UniK SEO garante que n\u00e3o utilizar\u00e1 os dados recolhidos neste site para outros fins que n\u00e3o os seus. <\/p>\n","protected":false},"excerpt":{"rendered":"<p>Se n\u00e3o concordares com a nossa Pol\u00edtica de Privacidade, n\u00e3o deves prosseguir com o preenchimento do formul\u00e1rio de contacto no nosso site, nem deves subscrever a nossa Newsletter.<\/p>\n","protected":false},"author":3,"featured_media":0,"parent":0,"menu_order":0,"comment_status":"closed","ping_status":"closed","template":"","meta":{"_acf_changed":false,"footnotes":""},"categories":[],"tags":[],"service":[],"class_list":["post-27016","page","type-page","status-publish","hentry"],"acf":[],"aioseo_notices":[],"_links":{"self":[{"href":"https:\/\/www.unik-seo.com\/pt\/wp-json\/wp\/v2\/pages\/27016","targetHints":{"allow":["GET"]}}],"collection":[{"href":"https:\/\/www.unik-seo.com\/pt\/wp-json\/wp\/v2\/pages"}],"about":[{"href":"https:\/\/www.unik-seo.com\/pt\/wp-json\/wp\/v2\/types\/page"}],"author":[{"embeddable":true,"href":"https:\/\/www.unik-seo.com\/pt\/wp-json\/wp\/v2\/users\/3"}],"replies":[{"embeddable":true,"href":"https:\/\/www.unik-seo.com\/pt\/wp-json\/wp\/v2\/comments?post=27016"}],"version-history":[{"count":2,"href":"https:\/\/www.unik-seo.com\/pt\/wp-json\/wp\/v2\/pages\/27016\/revisions"}],"predecessor-version":[{"id":27018,"href":"https:\/\/www.unik-seo.com\/pt\/wp-json\/wp\/v2\/pages\/27016\/revisions\/27018"}],"wp:attachment":[{"href":"https:\/\/www.unik-seo.com\/pt\/wp-json\/wp\/v2\/media?parent=27016"}],"wp:term":[{"taxonomy":"category","embeddable":true,"href":"https:\/\/www.unik-seo.com\/pt\/wp-json\/wp\/v2\/categories?post=27016"},{"taxonomy":"post_tag","embeddable":true,"href":"https:\/\/www.unik-seo.com\/pt\/wp-json\/wp\/v2\/tags?post=27016"},{"taxonomy":"service","embeddable":true,"href":"https:\/\/www.unik-seo.com\/pt\/wp-json\/wp\/v2\/service?post=27016"}],"curies":[{"name":"wp","href":"https:\/\/api.w.org\/{rel}","templated":true}]}}