{"id":27004,"date":"2025-04-07T21:39:58","date_gmt":"2025-04-07T21:39:58","guid":{"rendered":"https:\/\/dev.unik-seo.com\/gestao-de-anuncios-do-reddit\/"},"modified":"2026-03-28T21:03:03","modified_gmt":"2026-03-28T21:03:03","slug":"anuncios-reddit","status":"publish","type":"page","link":"https:\/\/www.unik-seo.com\/pt\/anuncios-reddit","title":{"rendered":"An\u00fancios no Reddit"},"content":{"rendered":"","protected":false},"excerpt":{"rendered":"<p>A UniK SEO n\u00e3o trata a publicidade no Reddit como qualquer outro canal de redes sociais. Porque n\u00e3o \u00e9. Se est\u00e1s a planear reutilizar o teu an\u00fancio Meta aqui, ser\u00e1s rejeitado de v\u00e1rias formas&#8230;  <\/p>\n","protected":false},"author":3,"featured_media":27009,"parent":0,"menu_order":0,"comment_status":"closed","ping_status":"closed","template":"","meta":{"_acf_changed":false,"footnotes":""},"categories":[143],"tags":[280,270],"service":[],"class_list":["post-27004","page","type-page","status-publish","has-post-thumbnail","hentry","category-ppc-pt","tag-ads","tag-social-media"],"acf":[],"aioseo_notices":[],"_links":{"self":[{"href":"https:\/\/www.unik-seo.com\/pt\/wp-json\/wp\/v2\/pages\/27004","targetHints":{"allow":["GET"]}}],"collection":[{"href":"https:\/\/www.unik-seo.com\/pt\/wp-json\/wp\/v2\/pages"}],"about":[{"href":"https:\/\/www.unik-seo.com\/pt\/wp-json\/wp\/v2\/types\/page"}],"author":[{"embeddable":true,"href":"https:\/\/www.unik-seo.com\/pt\/wp-json\/wp\/v2\/users\/3"}],"replies":[{"embeddable":true,"href":"https:\/\/www.unik-seo.com\/pt\/wp-json\/wp\/v2\/comments?post=27004"}],"version-history":[{"count":5,"href":"https:\/\/www.unik-seo.com\/pt\/wp-json\/wp\/v2\/pages\/27004\/revisions"}],"predecessor-version":[{"id":32463,"href":"https:\/\/www.unik-seo.com\/pt\/wp-json\/wp\/v2\/pages\/27004\/revisions\/32463"}],"wp:featuredmedia":[{"embeddable":true,"href":"https:\/\/www.unik-seo.com\/pt\/wp-json\/wp\/v2\/media\/27009"}],"wp:attachment":[{"href":"https:\/\/www.unik-seo.com\/pt\/wp-json\/wp\/v2\/media?parent=27004"}],"wp:term":[{"taxonomy":"category","embeddable":true,"href":"https:\/\/www.unik-seo.com\/pt\/wp-json\/wp\/v2\/categories?post=27004"},{"taxonomy":"post_tag","embeddable":true,"href":"https:\/\/www.unik-seo.com\/pt\/wp-json\/wp\/v2\/tags?post=27004"},{"taxonomy":"service","embeddable":true,"href":"https:\/\/www.unik-seo.com\/pt\/wp-json\/wp\/v2\/service?post=27004"}],"curies":[{"name":"wp","href":"https:\/\/api.w.org\/{rel}","templated":true}]}}