{"id":26982,"date":"2025-04-07T21:41:14","date_gmt":"2025-04-07T21:41:14","guid":{"rendered":"https:\/\/dev.unik-seo.com\/gestao-do-google-shopping\/"},"modified":"2025-10-28T00:30:03","modified_gmt":"2025-10-28T00:30:03","slug":"google-shopping","status":"publish","type":"page","link":"https:\/\/www.unik-seo.com\/pt\/google-shopping","title":{"rendered":"Gest\u00e3o do Google Shopping"},"content":{"rendered":"","protected":false},"excerpt":{"rendered":"<p>A UniK SEO oferece servi\u00e7os especializados de gest\u00e3o do Google Shopping &#8211; incluindo a otimiza\u00e7\u00e3o do feed de produtos, a estrutura\u00e7\u00e3o de campanhas e estrat\u00e9gias avan\u00e7adas de licita\u00e7\u00e3o &#8211; para o ajudar a alcan\u00e7ar os compradores certos e a crescer de forma rent\u00e1vel. Impulsiona as suas vendas de com\u00e9rcio eletr\u00f3nico com campanhas de alto desempenho e orientadas por dados. <\/p>\n","protected":false},"author":3,"featured_media":26991,"parent":0,"menu_order":0,"comment_status":"closed","ping_status":"closed","template":"","meta":{"_acf_changed":false,"footnotes":""},"categories":[143],"tags":[264,124],"service":[],"class_list":["post-26982","page","type-page","status-publish","has-post-thumbnail","hentry","category-ppc-pt","tag-ads","tag-b2b"],"acf":[],"aioseo_notices":[],"_links":{"self":[{"href":"https:\/\/www.unik-seo.com\/pt\/wp-json\/wp\/v2\/pages\/26982","targetHints":{"allow":["GET"]}}],"collection":[{"href":"https:\/\/www.unik-seo.com\/pt\/wp-json\/wp\/v2\/pages"}],"about":[{"href":"https:\/\/www.unik-seo.com\/pt\/wp-json\/wp\/v2\/types\/page"}],"author":[{"embeddable":true,"href":"https:\/\/www.unik-seo.com\/pt\/wp-json\/wp\/v2\/users\/3"}],"replies":[{"embeddable":true,"href":"https:\/\/www.unik-seo.com\/pt\/wp-json\/wp\/v2\/comments?post=26982"}],"version-history":[{"count":4,"href":"https:\/\/www.unik-seo.com\/pt\/wp-json\/wp\/v2\/pages\/26982\/revisions"}],"predecessor-version":[{"id":31474,"href":"https:\/\/www.unik-seo.com\/pt\/wp-json\/wp\/v2\/pages\/26982\/revisions\/31474"}],"wp:featuredmedia":[{"embeddable":true,"href":"https:\/\/www.unik-seo.com\/pt\/wp-json\/wp\/v2\/media\/26991"}],"wp:attachment":[{"href":"https:\/\/www.unik-seo.com\/pt\/wp-json\/wp\/v2\/media?parent=26982"}],"wp:term":[{"taxonomy":"category","embeddable":true,"href":"https:\/\/www.unik-seo.com\/pt\/wp-json\/wp\/v2\/categories?post=26982"},{"taxonomy":"post_tag","embeddable":true,"href":"https:\/\/www.unik-seo.com\/pt\/wp-json\/wp\/v2\/tags?post=26982"},{"taxonomy":"service","embeddable":true,"href":"https:\/\/www.unik-seo.com\/pt\/wp-json\/wp\/v2\/service?post=26982"}],"curies":[{"name":"wp","href":"https:\/\/api.w.org\/{rel}","templated":true}]}}