{"id":26981,"date":"2025-04-07T21:37:16","date_gmt":"2025-04-07T21:37:16","guid":{"rendered":"https:\/\/dev.unik-seo.com\/anuncios-de-casino-com-programatica\/"},"modified":"2025-09-29T14:40:05","modified_gmt":"2025-09-29T14:40:05","slug":"casino-ads-com-programmatic","status":"publish","type":"page","link":"https:\/\/www.unik-seo.com\/pt\/casino-ads-com-programmatic","title":{"rendered":"Casino Ads com Programmatic"},"content":{"rendered":"","protected":false},"excerpt":{"rendered":"<p>Atrav\u00e9s da Program\u00e1tica, podemos agora gerir an\u00fancios do Casino para o teu neg\u00f3cio. As campanhas de an\u00fancios podem ajudar-te a obter mais tr\u00e1fego no website e mais visibilidade online. Juntamente com uma estrat\u00e9gia de SEO, esta \u00e9 a ferramenta perfeita para cresceres na ind\u00fastria do Casino.  <\/p>\n","protected":false},"author":3,"featured_media":26985,"parent":0,"menu_order":0,"comment_status":"closed","ping_status":"closed","template":"","meta":{"_acf_changed":false,"footnotes":""},"categories":[143],"tags":[264,122],"service":[],"class_list":["post-26981","page","type-page","status-publish","has-post-thumbnail","hentry","category-ppc-pt","tag-ads","tag-crypto"],"acf":[],"aioseo_notices":[],"_links":{"self":[{"href":"https:\/\/www.unik-seo.com\/pt\/wp-json\/wp\/v2\/pages\/26981","targetHints":{"allow":["GET"]}}],"collection":[{"href":"https:\/\/www.unik-seo.com\/pt\/wp-json\/wp\/v2\/pages"}],"about":[{"href":"https:\/\/www.unik-seo.com\/pt\/wp-json\/wp\/v2\/types\/page"}],"author":[{"embeddable":true,"href":"https:\/\/www.unik-seo.com\/pt\/wp-json\/wp\/v2\/users\/3"}],"replies":[{"embeddable":true,"href":"https:\/\/www.unik-seo.com\/pt\/wp-json\/wp\/v2\/comments?post=26981"}],"version-history":[{"count":2,"href":"https:\/\/www.unik-seo.com\/pt\/wp-json\/wp\/v2\/pages\/26981\/revisions"}],"predecessor-version":[{"id":30521,"href":"https:\/\/www.unik-seo.com\/pt\/wp-json\/wp\/v2\/pages\/26981\/revisions\/30521"}],"wp:featuredmedia":[{"embeddable":true,"href":"https:\/\/www.unik-seo.com\/pt\/wp-json\/wp\/v2\/media\/26985"}],"wp:attachment":[{"href":"https:\/\/www.unik-seo.com\/pt\/wp-json\/wp\/v2\/media?parent=26981"}],"wp:term":[{"taxonomy":"category","embeddable":true,"href":"https:\/\/www.unik-seo.com\/pt\/wp-json\/wp\/v2\/categories?post=26981"},{"taxonomy":"post_tag","embeddable":true,"href":"https:\/\/www.unik-seo.com\/pt\/wp-json\/wp\/v2\/tags?post=26981"},{"taxonomy":"service","embeddable":true,"href":"https:\/\/www.unik-seo.com\/pt\/wp-json\/wp\/v2\/service?post=26981"}],"curies":[{"name":"wp","href":"https:\/\/api.w.org\/{rel}","templated":true}]}}