{"id":28206,"date":"2025-04-04T13:25:40","date_gmt":"2025-04-04T13:25:40","guid":{"rendered":"https:\/\/dev.unik-seo.com\/referencement\/seo-pour-les-pme\/"},"modified":"2025-10-01T09:19:26","modified_gmt":"2025-10-01T09:19:26","slug":"referencement-pme","status":"publish","type":"page","link":"https:\/\/www.unik-seo.com\/fr\/referencement-pme","title":{"rendered":"R\u00e9f\u00e9rencement pour PME"},"content":{"rendered":"","protected":false},"excerpt":{"rendered":"<p>Dans un march\u00e9 o\u00f9 chaque prospect compte et o\u00f9 chaque clic a du poids, le r\u00e9f\u00e9rencement pour les PME n&rsquo;est pas une option apr\u00e8s coup &#8211; c&rsquo;est un moteur de croissance pour l&rsquo;entreprise. Chez UniK SEO, l&rsquo;accent n&rsquo;est pas mis sur les mesures de vanit\u00e9 ou les promesses creuses. L&rsquo;objectif est clair : positionner les petites et moyennes entreprises exactement l\u00e0 o\u00f9 les clients cherchent &#8211; en haut des r\u00e9sultats des moteurs de recherche.  <\/p>\n","protected":false},"author":3,"featured_media":654,"parent":0,"menu_order":0,"comment_status":"closed","ping_status":"closed","template":"","meta":{"_acf_changed":false,"footnotes":""},"categories":[140,147],"tags":[165],"service":[],"class_list":["post-28206","page","type-page","status-publish","has-post-thumbnail","hentry","category-referencement","category-seo-par-secteur-dactivite","tag-b2b"],"acf":[],"aioseo_notices":[],"_links":{"self":[{"href":"https:\/\/www.unik-seo.com\/fr\/wp-json\/wp\/v2\/pages\/28206","targetHints":{"allow":["GET"]}}],"collection":[{"href":"https:\/\/www.unik-seo.com\/fr\/wp-json\/wp\/v2\/pages"}],"about":[{"href":"https:\/\/www.unik-seo.com\/fr\/wp-json\/wp\/v2\/types\/page"}],"author":[{"embeddable":true,"href":"https:\/\/www.unik-seo.com\/fr\/wp-json\/wp\/v2\/users\/3"}],"replies":[{"embeddable":true,"href":"https:\/\/www.unik-seo.com\/fr\/wp-json\/wp\/v2\/comments?post=28206"}],"version-history":[{"count":2,"href":"https:\/\/www.unik-seo.com\/fr\/wp-json\/wp\/v2\/pages\/28206\/revisions"}],"predecessor-version":[{"id":30644,"href":"https:\/\/www.unik-seo.com\/fr\/wp-json\/wp\/v2\/pages\/28206\/revisions\/30644"}],"wp:featuredmedia":[{"embeddable":true,"href":"https:\/\/www.unik-seo.com\/fr\/wp-json\/wp\/v2\/media\/654"}],"wp:attachment":[{"href":"https:\/\/www.unik-seo.com\/fr\/wp-json\/wp\/v2\/media?parent=28206"}],"wp:term":[{"taxonomy":"category","embeddable":true,"href":"https:\/\/www.unik-seo.com\/fr\/wp-json\/wp\/v2\/categories?post=28206"},{"taxonomy":"post_tag","embeddable":true,"href":"https:\/\/www.unik-seo.com\/fr\/wp-json\/wp\/v2\/tags?post=28206"},{"taxonomy":"service","embeddable":true,"href":"https:\/\/www.unik-seo.com\/fr\/wp-json\/wp\/v2\/service?post=28206"}],"curies":[{"name":"wp","href":"https:\/\/api.w.org\/{rel}","templated":true}]}}