{"id":28203,"date":"2025-04-04T13:21:04","date_gmt":"2025-04-04T13:21:04","guid":{"rendered":"https:\/\/dev.unik-seo.com\/referencement\/referencement-dans-lindustrie-manufacturiere\/"},"modified":"2025-10-08T15:34:30","modified_gmt":"2025-10-08T15:34:30","slug":"referencement-pour-industrie","status":"publish","type":"page","link":"https:\/\/www.unik-seo.com\/fr\/referencement-pour-industrie","title":{"rendered":"R\u00e9f\u00e9rencement pour l&rsquo;industrie"},"content":{"rendered":"","protected":false},"excerpt":{"rendered":"<p>Lorsque vous avez pass\u00e9 des ann\u00e9es, voire des d\u00e9cennies, \u00e0 faire fonctionner des lignes de production, \u00e0 peaufiner des cha\u00eenes d&rsquo;approvisionnement et \u00e0 respecter des tol\u00e9rances serr\u00e9es, vous comprenez la valeur de la pr\u00e9cision. Chez UniK SEO, nous appliquons ce m\u00eame \u00e9tat d&rsquo;esprit au marketing num\u00e9rique. Notre SEO manufacturier est con\u00e7u pour la performance, test\u00e9 pour la durabilit\u00e9 et construit pour fournir des r\u00e9sultats \u00e0 long terme.  <\/p>\n","protected":false},"author":3,"featured_media":630,"parent":0,"menu_order":0,"comment_status":"closed","ping_status":"closed","template":"","meta":{"_acf_changed":false,"footnotes":""},"categories":[140,147],"tags":[124],"service":[],"class_list":["post-28203","page","type-page","status-publish","has-post-thumbnail","hentry","category-referencement","category-seo-par-secteur-dactivite","tag-b2b"],"acf":[],"aioseo_notices":[],"_links":{"self":[{"href":"https:\/\/www.unik-seo.com\/fr\/wp-json\/wp\/v2\/pages\/28203","targetHints":{"allow":["GET"]}}],"collection":[{"href":"https:\/\/www.unik-seo.com\/fr\/wp-json\/wp\/v2\/pages"}],"about":[{"href":"https:\/\/www.unik-seo.com\/fr\/wp-json\/wp\/v2\/types\/page"}],"author":[{"embeddable":true,"href":"https:\/\/www.unik-seo.com\/fr\/wp-json\/wp\/v2\/users\/3"}],"replies":[{"embeddable":true,"href":"https:\/\/www.unik-seo.com\/fr\/wp-json\/wp\/v2\/comments?post=28203"}],"version-history":[{"count":2,"href":"https:\/\/www.unik-seo.com\/fr\/wp-json\/wp\/v2\/pages\/28203\/revisions"}],"predecessor-version":[{"id":30784,"href":"https:\/\/www.unik-seo.com\/fr\/wp-json\/wp\/v2\/pages\/28203\/revisions\/30784"}],"wp:featuredmedia":[{"embeddable":true,"href":"https:\/\/www.unik-seo.com\/fr\/wp-json\/wp\/v2\/media\/630"}],"wp:attachment":[{"href":"https:\/\/www.unik-seo.com\/fr\/wp-json\/wp\/v2\/media?parent=28203"}],"wp:term":[{"taxonomy":"category","embeddable":true,"href":"https:\/\/www.unik-seo.com\/fr\/wp-json\/wp\/v2\/categories?post=28203"},{"taxonomy":"post_tag","embeddable":true,"href":"https:\/\/www.unik-seo.com\/fr\/wp-json\/wp\/v2\/tags?post=28203"},{"taxonomy":"service","embeddable":true,"href":"https:\/\/www.unik-seo.com\/fr\/wp-json\/wp\/v2\/service?post=28203"}],"curies":[{"name":"wp","href":"https:\/\/api.w.org\/{rel}","templated":true}]}}