{"id":28188,"date":"2025-04-04T13:24:20","date_gmt":"2025-04-04T13:24:20","guid":{"rendered":"https:\/\/dev.unik-seo.com\/referencement\/referencement-des-banques\/"},"modified":"2026-03-28T20:54:40","modified_gmt":"2026-03-28T20:54:40","slug":"referencement-banques","status":"publish","type":"page","link":"https:\/\/www.unik-seo.com\/fr\/referencement-banques","title":{"rendered":"R\u00e9f\u00e9rencement pour banques"},"content":{"rendered":"","protected":false},"excerpt":{"rendered":"<p>Am\u00e9liorez la visibilit\u00e9 en ligne de votre banque gr\u00e2ce \u00e0 des strat\u00e9gies de r\u00e9f\u00e9rencement men\u00e9es par des experts. UniK SEO propose un r\u00e9f\u00e9rencement sur mesure pour les banques et les institutions financi\u00e8res, vous aidant \u00e0 mieux vous positionner, \u00e0 gagner la confiance et \u00e0 attirer des prospects qualifi\u00e9s. <\/p>\n","protected":false},"author":3,"featured_media":540,"parent":0,"menu_order":0,"comment_status":"closed","ping_status":"closed","template":"","meta":{"_acf_changed":false,"footnotes":""},"categories":[140,147],"tags":[167,276],"service":[],"class_list":["post-28188","page","type-page","status-publish","has-post-thumbnail","hentry","category-referencement","category-seo-par-secteur-dactivite","tag-crypto","tag-finance"],"acf":[],"aioseo_notices":[],"_links":{"self":[{"href":"https:\/\/www.unik-seo.com\/fr\/wp-json\/wp\/v2\/pages\/28188","targetHints":{"allow":["GET"]}}],"collection":[{"href":"https:\/\/www.unik-seo.com\/fr\/wp-json\/wp\/v2\/pages"}],"about":[{"href":"https:\/\/www.unik-seo.com\/fr\/wp-json\/wp\/v2\/types\/page"}],"author":[{"embeddable":true,"href":"https:\/\/www.unik-seo.com\/fr\/wp-json\/wp\/v2\/users\/3"}],"replies":[{"embeddable":true,"href":"https:\/\/www.unik-seo.com\/fr\/wp-json\/wp\/v2\/comments?post=28188"}],"version-history":[{"count":2,"href":"https:\/\/www.unik-seo.com\/fr\/wp-json\/wp\/v2\/pages\/28188\/revisions"}],"predecessor-version":[{"id":31454,"href":"https:\/\/www.unik-seo.com\/fr\/wp-json\/wp\/v2\/pages\/28188\/revisions\/31454"}],"wp:featuredmedia":[{"embeddable":true,"href":"https:\/\/www.unik-seo.com\/fr\/wp-json\/wp\/v2\/media\/540"}],"wp:attachment":[{"href":"https:\/\/www.unik-seo.com\/fr\/wp-json\/wp\/v2\/media?parent=28188"}],"wp:term":[{"taxonomy":"category","embeddable":true,"href":"https:\/\/www.unik-seo.com\/fr\/wp-json\/wp\/v2\/categories?post=28188"},{"taxonomy":"post_tag","embeddable":true,"href":"https:\/\/www.unik-seo.com\/fr\/wp-json\/wp\/v2\/tags?post=28188"},{"taxonomy":"service","embeddable":true,"href":"https:\/\/www.unik-seo.com\/fr\/wp-json\/wp\/v2\/service?post=28188"}],"curies":[{"name":"wp","href":"https:\/\/api.w.org\/{rel}","templated":true}]}}