{"id":28186,"date":"2025-04-04T13:19:48","date_gmt":"2025-04-04T13:19:48","guid":{"rendered":"https:\/\/dev.unik-seo.com\/referencement\/services-de-referencement-pour-le-commerce-electronique\/"},"modified":"2025-10-08T15:34:55","modified_gmt":"2025-10-08T15:34:55","slug":"referencement-ecommerce","status":"publish","type":"page","link":"https:\/\/www.unik-seo.com\/fr\/referencement-ecommerce","title":{"rendered":"R\u00e9f\u00e9rencement E-commerce"},"content":{"rendered":"","protected":false},"excerpt":{"rendered":"<p>Augmentez la visibilit\u00e9 et les ventes de votre magasin gr\u00e2ce \u00e0 des services experts de r\u00e9f\u00e9rencement pour le commerce \u00e9lectronique. UniK SEO vous aide \u00e0 mieux vous classer, \u00e0 attirer les acheteurs et \u00e0 vous d\u00e9velopper organiquement gr\u00e2ce \u00e0 des strat\u00e9gies de r\u00e9f\u00e9rencement sur mesure. <\/p>\n","protected":false},"author":3,"featured_media":555,"parent":0,"menu_order":0,"comment_status":"closed","ping_status":"closed","template":"","meta":{"_acf_changed":false,"footnotes":""},"categories":[140,147],"tags":[160],"service":[],"class_list":["post-28186","page","type-page","status-publish","has-post-thumbnail","hentry","category-referencement","category-seo-par-secteur-dactivite","tag-e-commerce"],"acf":[],"aioseo_notices":[],"_links":{"self":[{"href":"https:\/\/www.unik-seo.com\/fr\/wp-json\/wp\/v2\/pages\/28186","targetHints":{"allow":["GET"]}}],"collection":[{"href":"https:\/\/www.unik-seo.com\/fr\/wp-json\/wp\/v2\/pages"}],"about":[{"href":"https:\/\/www.unik-seo.com\/fr\/wp-json\/wp\/v2\/types\/page"}],"author":[{"embeddable":true,"href":"https:\/\/www.unik-seo.com\/fr\/wp-json\/wp\/v2\/users\/3"}],"replies":[{"embeddable":true,"href":"https:\/\/www.unik-seo.com\/fr\/wp-json\/wp\/v2\/comments?post=28186"}],"version-history":[{"count":3,"href":"https:\/\/www.unik-seo.com\/fr\/wp-json\/wp\/v2\/pages\/28186\/revisions"}],"predecessor-version":[{"id":30643,"href":"https:\/\/www.unik-seo.com\/fr\/wp-json\/wp\/v2\/pages\/28186\/revisions\/30643"}],"wp:featuredmedia":[{"embeddable":true,"href":"https:\/\/www.unik-seo.com\/fr\/wp-json\/wp\/v2\/media\/555"}],"wp:attachment":[{"href":"https:\/\/www.unik-seo.com\/fr\/wp-json\/wp\/v2\/media?parent=28186"}],"wp:term":[{"taxonomy":"category","embeddable":true,"href":"https:\/\/www.unik-seo.com\/fr\/wp-json\/wp\/v2\/categories?post=28186"},{"taxonomy":"post_tag","embeddable":true,"href":"https:\/\/www.unik-seo.com\/fr\/wp-json\/wp\/v2\/tags?post=28186"},{"taxonomy":"service","embeddable":true,"href":"https:\/\/www.unik-seo.com\/fr\/wp-json\/wp\/v2\/service?post=28186"}],"curies":[{"name":"wp","href":"https:\/\/api.w.org\/{rel}","templated":true}]}}