{"id":28173,"date":"2025-04-04T13:23:03","date_gmt":"2025-04-04T13:23:03","guid":{"rendered":"https:\/\/dev.unik-seo.com\/referencement\/referencement-pharmaceutique\/"},"modified":"2025-10-01T09:17:07","modified_gmt":"2025-10-01T09:17:07","slug":"pharma-seo","status":"publish","type":"page","link":"https:\/\/www.unik-seo.com\/fr\/pharma-seo","title":{"rendered":"Pharma SEO"},"content":{"rendered":"","protected":false},"excerpt":{"rendered":"<p>Vous recherchez une soci\u00e9t\u00e9 de r\u00e9f\u00e9rencement pharmaceutique de confiance qui comprenne \u00e0 la fois vos besoins r\u00e9glementaires et vos objectifs num\u00e9riques ? Chez UniK SEO, nous fournissons des services de r\u00e9f\u00e9rencement pharmaceutique sur mesure qui agissent comme des plans de traitement &#8211; en diagnostiquant les probl\u00e8mes de votre site, en prescrivant des solutions strat\u00e9giques et en surveillant les r\u00e9sultats comme un essai clinique. <\/p>\n","protected":false},"author":3,"featured_media":642,"parent":0,"menu_order":0,"comment_status":"closed","ping_status":"closed","template":"","meta":{"_acf_changed":false,"footnotes":""},"categories":[140,147],"tags":[124],"service":[],"class_list":["post-28173","page","type-page","status-publish","has-post-thumbnail","hentry","category-referencement","category-seo-par-secteur-dactivite","tag-b2b"],"acf":[],"aioseo_notices":[],"_links":{"self":[{"href":"https:\/\/www.unik-seo.com\/fr\/wp-json\/wp\/v2\/pages\/28173","targetHints":{"allow":["GET"]}}],"collection":[{"href":"https:\/\/www.unik-seo.com\/fr\/wp-json\/wp\/v2\/pages"}],"about":[{"href":"https:\/\/www.unik-seo.com\/fr\/wp-json\/wp\/v2\/types\/page"}],"author":[{"embeddable":true,"href":"https:\/\/www.unik-seo.com\/fr\/wp-json\/wp\/v2\/users\/3"}],"replies":[{"embeddable":true,"href":"https:\/\/www.unik-seo.com\/fr\/wp-json\/wp\/v2\/comments?post=28173"}],"version-history":[{"count":2,"href":"https:\/\/www.unik-seo.com\/fr\/wp-json\/wp\/v2\/pages\/28173\/revisions"}],"predecessor-version":[{"id":30639,"href":"https:\/\/www.unik-seo.com\/fr\/wp-json\/wp\/v2\/pages\/28173\/revisions\/30639"}],"wp:featuredmedia":[{"embeddable":true,"href":"https:\/\/www.unik-seo.com\/fr\/wp-json\/wp\/v2\/media\/642"}],"wp:attachment":[{"href":"https:\/\/www.unik-seo.com\/fr\/wp-json\/wp\/v2\/media?parent=28173"}],"wp:term":[{"taxonomy":"category","embeddable":true,"href":"https:\/\/www.unik-seo.com\/fr\/wp-json\/wp\/v2\/categories?post=28173"},{"taxonomy":"post_tag","embeddable":true,"href":"https:\/\/www.unik-seo.com\/fr\/wp-json\/wp\/v2\/tags?post=28173"},{"taxonomy":"service","embeddable":true,"href":"https:\/\/www.unik-seo.com\/fr\/wp-json\/wp\/v2\/service?post=28173"}],"curies":[{"name":"wp","href":"https:\/\/api.w.org\/{rel}","templated":true}]}}