{"id":28144,"date":"2025-04-04T12:59:55","date_gmt":"2025-04-04T12:59:55","guid":{"rendered":"https:\/\/dev.unik-seo.com\/referencement\/seo-saas\/"},"modified":"2025-10-01T09:19:41","modified_gmt":"2025-10-01T09:19:41","slug":"seo-saas","status":"publish","type":"page","link":"https:\/\/www.unik-seo.com\/fr\/seo-saas","title":{"rendered":"SEO SaaS"},"content":{"rendered":"","protected":false},"excerpt":{"rendered":"<p>UniK SEO comprend bien plus que les moteurs de recherche &#8211; nous parlons votre langue. Des robots d&rsquo;exploration aux plateformes cloud-natives, notre \u00e9quipe d&rsquo;ing\u00e9nieurs SEO et de sp\u00e9cialistes du marketing technique con\u00e7oit des architectures robustes et optimis\u00e9es pour la recherche pour les entreprises SaaS \u00e0 forte croissance. <\/p>\n","protected":false},"author":3,"featured_media":588,"parent":0,"menu_order":0,"comment_status":"closed","ping_status":"closed","template":"","meta":{"_acf_changed":false,"footnotes":""},"categories":[140,147],"tags":[124],"service":[],"class_list":["post-28144","page","type-page","status-publish","has-post-thumbnail","hentry","category-referencement","category-seo-par-secteur-dactivite","tag-b2b"],"acf":[],"aioseo_notices":[],"_links":{"self":[{"href":"https:\/\/www.unik-seo.com\/fr\/wp-json\/wp\/v2\/pages\/28144","targetHints":{"allow":["GET"]}}],"collection":[{"href":"https:\/\/www.unik-seo.com\/fr\/wp-json\/wp\/v2\/pages"}],"about":[{"href":"https:\/\/www.unik-seo.com\/fr\/wp-json\/wp\/v2\/types\/page"}],"author":[{"embeddable":true,"href":"https:\/\/www.unik-seo.com\/fr\/wp-json\/wp\/v2\/users\/3"}],"replies":[{"embeddable":true,"href":"https:\/\/www.unik-seo.com\/fr\/wp-json\/wp\/v2\/comments?post=28144"}],"version-history":[{"count":1,"href":"https:\/\/www.unik-seo.com\/fr\/wp-json\/wp\/v2\/pages\/28144\/revisions"}],"predecessor-version":[{"id":28146,"href":"https:\/\/www.unik-seo.com\/fr\/wp-json\/wp\/v2\/pages\/28144\/revisions\/28146"}],"wp:featuredmedia":[{"embeddable":true,"href":"https:\/\/www.unik-seo.com\/fr\/wp-json\/wp\/v2\/media\/588"}],"wp:attachment":[{"href":"https:\/\/www.unik-seo.com\/fr\/wp-json\/wp\/v2\/media?parent=28144"}],"wp:term":[{"taxonomy":"category","embeddable":true,"href":"https:\/\/www.unik-seo.com\/fr\/wp-json\/wp\/v2\/categories?post=28144"},{"taxonomy":"post_tag","embeddable":true,"href":"https:\/\/www.unik-seo.com\/fr\/wp-json\/wp\/v2\/tags?post=28144"},{"taxonomy":"service","embeddable":true,"href":"https:\/\/www.unik-seo.com\/fr\/wp-json\/wp\/v2\/service?post=28144"}],"curies":[{"name":"wp","href":"https:\/\/api.w.org\/{rel}","templated":true}]}}