{"id":28143,"date":"2025-04-02T00:57:17","date_gmt":"2025-04-02T00:57:17","guid":{"rendered":"https:\/\/dev.unik-seo.com\/referencement\/referencement-des-restaurants\/"},"modified":"2025-10-08T15:31:47","modified_gmt":"2025-10-08T15:31:47","slug":"referencement-restaurant","status":"publish","type":"page","link":"https:\/\/www.unik-seo.com\/fr\/referencement-restaurant","title":{"rendered":"R\u00e9f\u00e9rencement pour Restaurants"},"content":{"rendered":"","protected":false},"excerpt":{"rendered":"<p>Qu&rsquo;il s&rsquo;agisse de bistrots confortables, de restaurants de fruits de mer haut de gamme ou de bars \u00e0 cocktails dynamiques, nos services de r\u00e9f\u00e9rencement de restaurants aident votre \u00e9tablissement \u00e0 se d\u00e9marquer l\u00e0 o\u00f9 c&rsquo;est le plus important : sur Google.<\/p>\n","protected":false},"author":3,"featured_media":579,"parent":0,"menu_order":0,"comment_status":"closed","ping_status":"closed","template":"","meta":{"_acf_changed":false,"footnotes":""},"categories":[140,147],"tags":[175],"service":[],"class_list":["post-28143","page","type-page","status-publish","has-post-thumbnail","hentry","category-referencement","category-seo-par-secteur-dactivite","tag-local"],"acf":[],"aioseo_notices":[],"_links":{"self":[{"href":"https:\/\/www.unik-seo.com\/fr\/wp-json\/wp\/v2\/pages\/28143","targetHints":{"allow":["GET"]}}],"collection":[{"href":"https:\/\/www.unik-seo.com\/fr\/wp-json\/wp\/v2\/pages"}],"about":[{"href":"https:\/\/www.unik-seo.com\/fr\/wp-json\/wp\/v2\/types\/page"}],"author":[{"embeddable":true,"href":"https:\/\/www.unik-seo.com\/fr\/wp-json\/wp\/v2\/users\/3"}],"replies":[{"embeddable":true,"href":"https:\/\/www.unik-seo.com\/fr\/wp-json\/wp\/v2\/comments?post=28143"}],"version-history":[{"count":3,"href":"https:\/\/www.unik-seo.com\/fr\/wp-json\/wp\/v2\/pages\/28143\/revisions"}],"predecessor-version":[{"id":30780,"href":"https:\/\/www.unik-seo.com\/fr\/wp-json\/wp\/v2\/pages\/28143\/revisions\/30780"}],"wp:featuredmedia":[{"embeddable":true,"href":"https:\/\/www.unik-seo.com\/fr\/wp-json\/wp\/v2\/media\/579"}],"wp:attachment":[{"href":"https:\/\/www.unik-seo.com\/fr\/wp-json\/wp\/v2\/media?parent=28143"}],"wp:term":[{"taxonomy":"category","embeddable":true,"href":"https:\/\/www.unik-seo.com\/fr\/wp-json\/wp\/v2\/categories?post=28143"},{"taxonomy":"post_tag","embeddable":true,"href":"https:\/\/www.unik-seo.com\/fr\/wp-json\/wp\/v2\/tags?post=28143"},{"taxonomy":"service","embeddable":true,"href":"https:\/\/www.unik-seo.com\/fr\/wp-json\/wp\/v2\/service?post=28143"}],"curies":[{"name":"wp","href":"https:\/\/api.w.org\/{rel}","templated":true}]}}