{"id":28124,"date":"2025-04-02T00:54:51","date_gmt":"2025-04-02T00:54:51","guid":{"rendered":"https:\/\/dev.unik-seo.com\/referencement\/referencement-des-casinos\/"},"modified":"2026-03-27T15:37:42","modified_gmt":"2026-03-27T15:37:42","slug":"referencement-casino","status":"publish","type":"page","link":"https:\/\/www.unik-seo.com\/fr\/referencement-casino","title":{"rendered":"R\u00e9f\u00e9rencement pour Casinos"},"content":{"rendered":"","protected":false},"excerpt":{"rendered":"<p>Vous n&rsquo;en \u00eates pas \u00e0 votre premier coup d&rsquo;essai et ce n&rsquo;est certainement pas le n\u00f4tre non plus. Chez UniK SEO, nous sommes dans le coup depuis suffisamment longtemps pour savoir comment les jeux sont faits. La maison gagne toujours&#8230; \u00e0 moins que vous n&rsquo;ayez une main plus intelligente.  <\/p>\n","protected":false},"author":3,"featured_media":546,"parent":0,"menu_order":0,"comment_status":"closed","ping_status":"closed","template":"","meta":{"_acf_changed":false,"footnotes":""},"categories":[140,147],"tags":[167],"service":[],"class_list":["post-28124","page","type-page","status-publish","has-post-thumbnail","hentry","category-referencement","category-seo-par-secteur-dactivite","tag-crypto"],"acf":[],"aioseo_notices":[],"_links":{"self":[{"href":"https:\/\/www.unik-seo.com\/fr\/wp-json\/wp\/v2\/pages\/28124","targetHints":{"allow":["GET"]}}],"collection":[{"href":"https:\/\/www.unik-seo.com\/fr\/wp-json\/wp\/v2\/pages"}],"about":[{"href":"https:\/\/www.unik-seo.com\/fr\/wp-json\/wp\/v2\/types\/page"}],"author":[{"embeddable":true,"href":"https:\/\/www.unik-seo.com\/fr\/wp-json\/wp\/v2\/users\/3"}],"replies":[{"embeddable":true,"href":"https:\/\/www.unik-seo.com\/fr\/wp-json\/wp\/v2\/comments?post=28124"}],"version-history":[{"count":3,"href":"https:\/\/www.unik-seo.com\/fr\/wp-json\/wp\/v2\/pages\/28124\/revisions"}],"predecessor-version":[{"id":32441,"href":"https:\/\/www.unik-seo.com\/fr\/wp-json\/wp\/v2\/pages\/28124\/revisions\/32441"}],"wp:featuredmedia":[{"embeddable":true,"href":"https:\/\/www.unik-seo.com\/fr\/wp-json\/wp\/v2\/media\/546"}],"wp:attachment":[{"href":"https:\/\/www.unik-seo.com\/fr\/wp-json\/wp\/v2\/media?parent=28124"}],"wp:term":[{"taxonomy":"category","embeddable":true,"href":"https:\/\/www.unik-seo.com\/fr\/wp-json\/wp\/v2\/categories?post=28124"},{"taxonomy":"post_tag","embeddable":true,"href":"https:\/\/www.unik-seo.com\/fr\/wp-json\/wp\/v2\/tags?post=28124"},{"taxonomy":"service","embeddable":true,"href":"https:\/\/www.unik-seo.com\/fr\/wp-json\/wp\/v2\/service?post=28124"}],"curies":[{"name":"wp","href":"https:\/\/api.w.org\/{rel}","templated":true}]}}